{"id":619,"date":"2024-09-04T16:25:37","date_gmt":"2024-09-04T10:55:37","guid":{"rendered":"https:\/\/thecoralislandpattaya.com\/?page_id=619"},"modified":"2026-02-07T17:54:59","modified_gmt":"2026-02-07T12:24:59","slug":"terms-of-usage","status":"publish","type":"page","link":"https:\/\/thecoralislandpattaya.com\/vi\/dieu-khoan-su-dung\/","title":{"rendered":"\u0110i\u1ec1u kho\u1ea3n s\u1eed d\u1ee5ng"},"content":{"rendered":"<h2 class=\"wp-block-heading has-text-align-center\">\u0110i\u1ec1u kho\u1ea3n s\u1eed d\u1ee5ng<\/h2>\n\n\n\n<p>Ng\u00e0y c\u00f3 hi\u1ec7u l\u1ef1c: 1 th\u00e1ng 9 n\u0103m 2024<\/p>\n\n\n\n<p>Ch\u00e0o m\u1eebng \u0111\u1ebfn v\u1edbi <strong><a href=\"https:\/\/thecoralislandpattaya.com\/vi\/\">\u0110\u1ea3o San H\u00f4 Pattaya<\/a><\/strong>. C\u00e1c \u0110i\u1ec1u kho\u1ea3n s\u1eed d\u1ee5ng n\u00e0y (\u201c\u0110i\u1ec1u kho\u1ea3n\u201d) qu\u1ea3n l\u00fd vi\u1ec7c b\u1ea1n s\u1eed d\u1ee5ng trang web c\u1ee7a ch\u00fang t\u00f4i, <strong><a href=\"https:\/\/thecoralislandpattaya.com\/vi\/\">https:\/\/thecoralislandpattaya.com\/<\/a><\/strong> (\u201cTrang web\u201d), thu\u1ed9c s\u1edf h\u1eefu v\u00e0 \u0111\u01b0\u1ee3c \u0111i\u1ec1u h\u00e0nh b\u1edfi <strong>The Thai Tourism Co., LTD.<\/strong> v\u00e0 \u0111\u01b0\u1ee3c qu\u1ea3n l\u00fd b\u1edfi c\u00f4ng ty m\u1eb9, <strong>Du l\u1ecbch Th\u00e1i Lan<\/strong> (<a href=\"https:\/\/thethaitourism.com\/\">thethaitourism.com<\/a>). By accessing or using our services, including booking Coral Island tour packages in Pattaya and Phuket, you agree to comply with and be bound by these Terms.<\/p>\n\n\n\n<p>N\u1ebfu b\u1ea1n kh\u00f4ng \u0111\u1ed3ng \u00fd v\u1edbi c\u00e1c \u0110i\u1ec1u kho\u1ea3n n\u00e0y, vui l\u00f2ng kh\u00f4ng s\u1eed d\u1ee5ng Trang web.<\/p>\n\n\n\n<h3 class=\"wp-block-heading\">1. <strong>S\u1eed d\u1ee5ng trang web<\/strong><\/h3>\n\n\n\n<p>B\u1ea1n ch\u1ec9 \u0111\u01b0\u1ee3c s\u1eed d\u1ee5ng Trang web cho c\u00e1c m\u1ee5c \u0111\u00edch h\u1ee3p ph\u00e1p. B\u1ea1n \u0111\u1ed3ng \u00fd kh\u00f4ng tham gia v\u00e0o b\u1ea5t k\u1ef3 ho\u1ea1t \u0111\u1ed9ng n\u00e0o c\u00f3 th\u1ec3:<\/p>\n\n\n\n<ul class=\"wp-block-list\">\n<li>G\u00e2y gi\u00e1n \u0111o\u1ea1n ho\u1eb7c can thi\u1ec7p v\u00e0o ho\u1ea1t \u0111\u1ed9ng b\u00ecnh th\u01b0\u1eddng c\u1ee7a Trang web.<\/li>\n\n\n\n<li>Vi ph\u1ea1m b\u1ea5t k\u1ef3 lu\u1eadt ph\u00e1p ho\u1eb7c quy \u0111\u1ecbnh hi\u1ec7n h\u00e0nh n\u00e0o c\u1ee7a \u0111\u1ecba ph\u01b0\u01a1ng, qu\u1ed1c gia ho\u1eb7c qu\u1ed1c t\u1ebf.<\/li>\n\n\n\n<li>M\u1ea1o danh ng\u01b0\u1eddi ho\u1eb7c t\u1ed5 ch\u1ee9c kh\u00e1c ho\u1eb7c tr\u00ecnh b\u00e0y sai s\u1ef1 th\u1eadt v\u1ec1 m\u1ed1i quan h\u1ec7 c\u1ee7a b\u1ea1n v\u1edbi m\u1ed9t ng\u01b0\u1eddi ho\u1eb7c t\u1ed5 ch\u1ee9c.<\/li>\n<\/ul>\n\n\n\n<h3 class=\"wp-block-heading\">2. <strong>T\u00e0i kho\u1ea3n ng\u01b0\u1eddi d\u00f9ng<\/strong><\/h3>\n\n\n\n<p>\u0110\u1ec3 \u0111\u1eb7t c\u00e1c g\u00f3i tour du l\u1ecbch \u0110\u1ea3o San H\u00f4, b\u1ea1n c\u00f3 th\u1ec3 \u0111\u01b0\u1ee3c y\u00eau c\u1ea7u t\u1ea1o m\u1ed9t t\u00e0i kho\u1ea3n ho\u1eb7c cung c\u1ea5p m\u1ed9t s\u1ed1 th\u00f4ng tin c\u00e1 nh\u00e2n. B\u1ea1n c\u00f3 tr\u00e1ch nhi\u1ec7m duy tr\u00ec t\u00ednh b\u1ea3o m\u1eadt c\u1ee7a th\u00f4ng tin \u0111\u0103ng nh\u1eadp t\u00e0i kho\u1ea3n c\u1ee7a b\u1ea1n v\u00e0 \u0111\u1ed1i v\u1edbi t\u1ea5t c\u1ea3 c\u00e1c ho\u1ea1t \u0111\u1ed9ng di\u1ec5n ra trong t\u00e0i kho\u1ea3n c\u1ee7a b\u1ea1n. N\u1ebfu b\u1ea1n nghi ng\u1edd b\u1ea5t k\u1ef3 h\u00e0nh vi s\u1eed d\u1ee5ng tr\u00e1i ph\u00e9p n\u00e0o \u0111\u1ed1i v\u1edbi t\u00e0i kho\u1ea3n c\u1ee7a m\u00ecnh, vui l\u00f2ng li\u00ean h\u1ec7 v\u1edbi ch\u00fang t\u00f4i ngay t\u1ea1i <strong><a>contact@thecoralislandpattaya.com<\/a><\/strong>.<\/p>\n\n\n\n<h3 class=\"wp-block-heading\">3. <strong>\u0110\u1eb7t ch\u1ed7 v\u00e0 thanh to\u00e1n<\/strong><\/h3>\n\n\n\n<p>B\u1eb1ng c\u00e1ch \u0111\u1eb7t tour tr\u1ecdn g\u00f3i \u0110\u1ea3o San H\u00f4 qua Trang web, b\u1ea1n \u0111\u1ed3ng \u00fd cung c\u1ea5p th\u00f4ng tin ch\u00ednh x\u00e1c v\u00e0 \u0111\u1ea7y \u0111\u1ee7. Thanh to\u00e1n cho c\u00e1c g\u00f3i tour ph\u1ea3i \u0111\u01b0\u1ee3c th\u1ef1c hi\u1ec7n th\u00f4ng qua c\u00e1c ph\u01b0\u01a1ng th\u1ee9c \u0111\u01b0\u1ee3c cung c\u1ea5p tr\u00ean Trang web. Ch\u00fang t\u00f4i c\u00f3 quy\u1ec1n h\u1ee7y ho\u1eb7c t\u1eeb ch\u1ed1i b\u1ea5t k\u1ef3 \u0111\u1eb7t ch\u1ed7 n\u00e0o theo quy\u1ebft \u0111\u1ecbnh c\u1ee7a ch\u00fang t\u00f4i, bao g\u1ed3m c\u1ea3 trong tr\u01b0\u1eddng h\u1ee3p gian l\u1eadn ho\u1eb7c ho\u1ea1t \u0111\u1ed9ng tr\u00e1i ph\u00e9p.<\/p>\n\n\n\n<p>M\u1ecdi kho\u1ea3n thanh to\u00e1n \u0111\u1ec1u \u0111\u01b0\u1ee3c x\u1eed l\u00fd an to\u00e0n. \u0110\u1ed1i v\u1edbi b\u1ea5t k\u1ef3 v\u1ea5n \u0111\u1ec1 ho\u1eb7c m\u1ed1i quan t\u00e2m n\u00e0o v\u1ec1 thanh to\u00e1n, b\u1ea1n c\u00f3 th\u1ec3 li\u00ean h\u1ec7 v\u1edbi ch\u00fang t\u00f4i qua email ho\u1eb7c WhatsApp t\u1ea1i <strong><a href=\"https:\/\/wa.me\/66876366660?text=Hello%20I'm%20interested.%20Could%20you%20please%20help%20me%20with%20information%20related%20to%20Coral%20Island%20Tours%20Packages?%20Thank%20You!\">+66-876366660<\/a><\/strong>.<\/p>\n\n\n\n<h3 class=\"wp-block-heading\">4. <strong>Thay \u0111\u1ed5i v\u1ec1 Tour v\u00e0 D\u1ecbch v\u1ee5<\/strong><\/h3>\n\n\n\n<p>Ch\u00fang t\u00f4i c\u1ed1 g\u1eafng cung c\u1ea5p m\u00f4 t\u1ea3 ch\u00ednh x\u00e1c v\u1ec1 t\u1ea5t c\u1ea3 c\u00e1c tour du l\u1ecbch v\u00e0 d\u1ecbch v\u1ee5 tr\u00ean Trang web. Tuy nhi\u00ean, t\u1ea5t c\u1ea3 c\u00e1c g\u00f3i tour du l\u1ecbch \u0111\u1ec1u c\u00f3 th\u1ec3 thay \u0111\u1ed5i t\u00f9y theo t\u00ecnh tr\u1ea1ng s\u1eb5n c\u00f3, \u0111i\u1ec1u ki\u1ec7n th\u1eddi ti\u1ebft ho\u1eb7c c\u00e1c y\u1ebfu t\u1ed1 kh\u00e1c n\u1eb1m ngo\u00e0i t\u1ea7m ki\u1ec3m so\u00e1t c\u1ee7a ch\u00fang t\u00f4i. Ch\u00fang t\u00f4i s\u1ebd th\u00f4ng b\u00e1o cho b\u1ea1n v\u1ec1 b\u1ea5t k\u1ef3 thay \u0111\u1ed5i \u0111\u00e1ng k\u1ec3 n\u00e0o \u0111\u1ed1i v\u1edbi \u0111\u1eb7t ph\u00f2ng c\u1ee7a b\u1ea1n s\u1edbm nh\u1ea5t c\u00f3 th\u1ec3.<\/p>\n\n\n\n<h3 class=\"wp-block-heading\">5. <strong>H\u1ee7y b\u1ecf v\u00e0 ho\u00e0n ti\u1ec1n<\/strong><\/h3>\n\n\n\n<p>Ch\u00ednh s\u00e1ch h\u1ee7y v\u00e0 ho\u00e0n ti\u1ec1n cho c\u00e1c g\u00f3i tour \u0110\u1ea3o San H\u00f4 s\u1ebd \u0111\u01b0\u1ee3c n\u00eau trong qu\u00e1 tr\u00ecnh \u0111\u1eb7t ch\u1ed7. Vui l\u00f2ng xem l\u1ea1i c\u00e1c \u0111i\u1ec1u kho\u1ea3n v\u00e0 \u0111i\u1ec1u ki\u1ec7n c\u1ee5 th\u1ec3 li\u00ean quan \u0111\u1ebfn t\u1eebng g\u00f3i tour tr\u01b0\u1edbc khi ho\u00e0n t\u1ea5t \u0111\u1eb7t ch\u1ed7. Y\u00eau c\u1ea7u ho\u00e0n ti\u1ec1n s\u1ebd \u0111\u01b0\u1ee3c x\u1eed l\u00fd theo ch\u00ednh s\u00e1ch ho\u00e0n ti\u1ec1n hi\u1ec7n h\u00e0nh.<\/p>\n\n\n\n<h3 class=\"wp-block-heading\">6. <strong>S\u1edf h\u1eefu tr\u00ed tu\u1ec7<\/strong><\/h3>\n\n\n\n<p>T\u1ea5t c\u1ea3 n\u1ed9i dung tr\u00ean Trang web, bao g\u1ed3m v\u0103n b\u1ea3n, h\u00ecnh \u1ea3nh, logo v\u00e0 c\u00e1c t\u00e0i li\u1ec7u kh\u00e1c, l\u00e0 t\u00e0i s\u1ea3n c\u1ee7a <strong>\u0110\u1ea3o San H\u00f4 Pattaya<\/strong> ho\u1eb7c b\u00ean c\u1ea5p ph\u00e9p v\u00e0 \u0111\u01b0\u1ee3c b\u1ea3o v\u1ec7 b\u1edfi lu\u1eadt s\u1edf h\u1eefu tr\u00ed tu\u1ec7. B\u1ea1n kh\u00f4ng \u0111\u01b0\u1ee3c sao ch\u00e9p, ph\u00e2n ph\u1ed1i ho\u1eb7c s\u1eeda \u0111\u1ed5i b\u1ea5t k\u1ef3 n\u1ed9i dung n\u00e0o t\u1eeb Trang web m\u00e0 kh\u00f4ng c\u00f3 s\u1ef1 \u0111\u1ed3ng \u00fd tr\u01b0\u1edbc b\u1eb1ng v\u0103n b\u1ea3n c\u1ee7a ch\u00fang t\u00f4i.<\/p>\n\n\n\n<h3 class=\"wp-block-heading\">7. <strong>Gi\u1edbi h\u1ea1n tr\u00e1ch nhi\u1ec7m<\/strong><\/h3>\n\n\n\n<p>\u1ede m\u1ee9c \u0111\u1ed9 t\u1ed1i \u0111a \u0111\u01b0\u1ee3c ph\u00e1p lu\u1eadt cho ph\u00e9p, <strong>The Thai Tourism Co., LTD.<\/strong> V\u00e0 <strong>\u0110\u1ea3o San H\u00f4 Pattaya<\/strong> s\u1ebd kh\u00f4ng ch\u1ecbu tr\u00e1ch nhi\u1ec7m cho b\u1ea5t k\u1ef3 thi\u1ec7t h\u1ea1i tr\u1ef1c ti\u1ebfp, gi\u00e1n ti\u1ebfp, ng\u1eabu nhi\u00ean, h\u1eadu qu\u1ea3 ho\u1eb7c tr\u1eebng ph\u1ea1t n\u00e0o ph\u00e1t sinh t\u1eeb vi\u1ec7c b\u1ea1n s\u1eed d\u1ee5ng Trang web ho\u1eb7c \u0111\u1eb7t b\u1ea5t k\u1ef3 g\u00f3i tour n\u00e0o. \u0110i\u1ec1u n\u00e0y bao g\u1ed3m, nh\u01b0ng kh\u00f4ng gi\u1edbi h\u1ea1n \u1edf, thi\u1ec7t h\u1ea1i do m\u1ea5t l\u1ee3i nhu\u1eadn, d\u1eef li\u1ec7u ho\u1eb7c thi\u1ec7n ch\u00ed.<\/p>\n\n\n\n<h3 class=\"wp-block-heading\">8. <strong>B\u1ed3i th\u01b0\u1eddng<\/strong><\/h3>\n\n\n\n<p>B\u1ea1n \u0111\u1ed3ng \u00fd b\u1ed3i th\u01b0\u1eddng v\u00e0 gi\u1eef v\u00f4 h\u1ea1i <strong>The Thai Tourism Co., LTD<\/strong>, c\u00e1c chi nh\u00e1nh v\u00e0 nh\u00e2n vi\u00ean c\u1ee7a c\u00f4ng ty kh\u1ecfi m\u1ecdi khi\u1ebfu n\u1ea1i, ngh\u0129a v\u1ee5, thi\u1ec7t h\u1ea1i, m\u1ea5t m\u00e1t v\u00e0 chi ph\u00ed (bao g\u1ed3m c\u1ea3 ph\u00ed ph\u00e1p l\u00fd) ph\u00e1t sinh t\u1eeb vi\u1ec7c b\u1ea1n s\u1eed d\u1ee5ng Trang web ho\u1eb7c vi ph\u1ea1m c\u00e1c \u0110i\u1ec1u kho\u1ea3n n\u00e0y.<\/p>\n\n\n\n<h3 class=\"wp-block-heading\">9. <strong>S\u1ef1 ri\u00eang t\u01b0<\/strong><\/h3>\n\n\n\n<p>Vi\u1ec7c b\u1ea1n s\u1eed d\u1ee5ng Trang web c\u0169ng \u0111\u01b0\u1ee3c \u0111i\u1ec1u ch\u1ec9nh b\u1edfi <strong><a href=\"https:\/\/thecoralislandpattaya.com\/vi\/chinh-sach-bao-mat\/\">Ch\u00ednh s\u00e1ch b\u1ea3o m\u1eadt<\/a><\/strong>, trong \u0111\u00f3 n\u00eau r\u00f5 c\u00e1ch ch\u00fang t\u00f4i thu th\u1eadp, s\u1eed d\u1ee5ng v\u00e0 b\u1ea3o v\u1ec7 th\u00f4ng tin c\u00e1 nh\u00e2n c\u1ee7a b\u1ea1n. B\u1eb1ng c\u00e1ch s\u1eed d\u1ee5ng Trang web c\u1ee7a ch\u00fang t\u00f4i, b\u1ea1n \u0111\u1ed3ng \u00fd v\u1edbi c\u00e1c \u0111i\u1ec1u kho\u1ea3n \u0111\u01b0\u1ee3c n\u00eau trong <a href=\"https:\/\/thecoralislandpattaya.com\/vi\/chinh-sach-bao-mat\/\">Ch\u00ednh s\u00e1ch b\u1ea3o m\u1eadt<\/a>.<\/p>\n\n\n\n<h3 class=\"wp-block-heading\">10. <strong>Lu\u1eadt qu\u1ea3n l\u00fd<\/strong><\/h3>\n\n\n\n<p>C\u00e1c \u0110i\u1ec1u kho\u1ea3n n\u00e0y v\u00e0 vi\u1ec7c b\u1ea1n s\u1eed d\u1ee5ng Trang web s\u1ebd \u0111\u01b0\u1ee3c qu\u1ea3n l\u00fd v\u00e0 di\u1ec5n gi\u1ea3i theo lu\u1eadt ph\u00e1p c\u1ee7a Th\u00e1i Lan. B\u1ea5t k\u1ef3 tranh ch\u1ea5p n\u00e0o ph\u00e1t sinh t\u1eeb ho\u1eb7c li\u00ean quan \u0111\u1ebfn c\u00e1c \u0110i\u1ec1u kho\u1ea3n n\u00e0y s\u1ebd tu\u00e2n theo th\u1ea9m quy\u1ec1n \u0111\u1ed9c quy\u1ec1n c\u1ee7a t\u00f2a \u00e1n t\u1ea1i Th\u00e1i Lan.<\/p>\n\n\n\n<h3 class=\"wp-block-heading\">11. <strong>Ch\u1ea5m d\u1ee9t<\/strong><\/h3>\n\n\n\n<p>Ch\u00fang t\u00f4i c\u00f3 quy\u1ec1n ch\u1ea5m d\u1ee9t ho\u1eb7c \u0111\u00ecnh ch\u1ec9 quy\u1ec1n truy c\u1eadp c\u1ee7a b\u1ea1n v\u00e0o Trang web b\u1ea5t k\u1ef3 l\u00fac n\u00e0o v\u00e0 v\u00ec b\u1ea5t k\u1ef3 l\u00fd do g\u00ec, bao g\u1ed3m c\u1ea3 vi\u1ec7c vi ph\u1ea1m c\u00e1c \u0110i\u1ec1u kho\u1ea3n n\u00e0y. Khi ch\u1ea5m d\u1ee9t, b\u1ea1n ph\u1ea3i ng\u1eebng m\u1ecdi vi\u1ec7c s\u1eed d\u1ee5ng Trang web v\u00e0 h\u1ee7y m\u1ecdi n\u1ed9i dung c\u00f3 \u0111\u01b0\u1ee3c t\u1eeb Trang web.<\/p>\n\n\n\n<h3 class=\"wp-block-heading\">12. <strong>Nh\u1eefng thay \u0111\u1ed5i \u0111\u1ed1i v\u1edbi c\u00e1c \u0111i\u1ec1u kho\u1ea3n n\u00e0y<\/strong><\/h3>\n\n\n\n<p>Ch\u00fang t\u00f4i c\u00f3 quy\u1ec1n s\u1eeda \u0111\u1ed5i c\u00e1c \u0110i\u1ec1u kho\u1ea3n n\u00e0y b\u1ea5t k\u1ef3 l\u00fac n\u00e0o. B\u1ea5t k\u1ef3 thay \u0111\u1ed5i n\u00e0o s\u1ebd c\u00f3 hi\u1ec7u l\u1ef1c ngay khi \u0111\u01b0\u1ee3c \u0111\u0103ng tr\u00ean Trang web. Vi\u1ec7c b\u1ea1n ti\u1ebfp t\u1ee5c s\u1eed d\u1ee5ng Trang web sau khi c\u00e1c thay \u0111\u1ed5i \u0111\u01b0\u1ee3c \u0111\u0103ng c\u00f3 ngh\u0129a l\u00e0 b\u1ea1n ch\u1ea5p nh\u1eadn c\u00e1c \u0110i\u1ec1u kho\u1ea3n \u0111\u00e3 s\u1eeda \u0111\u1ed5i.<\/p>\n\n\n\n<h3 class=\"wp-block-heading\">13. <strong>Th\u00f4ng tin li\u00ean l\u1ea1c<\/strong><\/h3>\n\n\n\n<p>N\u1ebfu b\u1ea1n c\u00f3 b\u1ea5t k\u1ef3 c\u00e2u h\u1ecfi ho\u1eb7c th\u1eafc m\u1eafc n\u00e0o li\u00ean quan \u0111\u1ebfn c\u00e1c \u0110i\u1ec1u kho\u1ea3n n\u00e0y, vui l\u00f2ng li\u00ean h\u1ec7 v\u1edbi ch\u00fang t\u00f4i theo \u0111\u1ecba ch\u1ec9:<\/p>\n\n\n\n<ul class=\"wp-block-list\">\n<li><strong>E-mail<\/strong>: <a>contact@thecoralislandpattaya.com<\/a><\/li>\n\n\n\n<li><strong>WhatsApp<\/strong>: <a href=\"https:\/\/wa.me\/66876366660?text=Hello%20I'm%20interested.%20Could%20you%20please%20help%20me%20with%20information%20related%20to%20Coral%20Island%20Tours%20Packages?%20Thank%20You!\">+66-876366660<\/a><\/li>\n\n\n\n<li><strong>\u0110\u1ecba ch\u1ec9 g\u1eedi th\u01b0<\/strong>: The Thai Tourism Co., LTD.<\/li>\n<\/ul>\n\n\n\n<h3 class=\"wp-block-heading\">14. <strong>Kh\u1ea3 n\u0103ng t\u00e1ch r\u1eddi<\/strong><\/h3>\n\n\n\n<p>N\u1ebfu b\u1ea5t k\u1ef3 \u0111i\u1ec1u kho\u1ea3n n\u00e0o trong c\u00e1c \u0110i\u1ec1u kho\u1ea3n n\u00e0y b\u1ecb t\u00f2a \u00e1n c\u00f3 th\u1ea9m quy\u1ec1n ph\u00e1t hi\u1ec7n l\u00e0 kh\u00f4ng h\u1ee3p l\u1ec7 ho\u1eb7c kh\u00f4ng th\u1ec3 th\u1ef1c thi, c\u00e1c \u0111i\u1ec1u kho\u1ea3n c\u00f2n l\u1ea1i s\u1ebd v\u1eabn c\u00f3 hi\u1ec7u l\u1ef1c \u0111\u1ea7y \u0111\u1ee7. \u0110i\u1ec1u kho\u1ea3n kh\u00f4ng h\u1ee3p l\u1ec7 ho\u1eb7c kh\u00f4ng th\u1ec3 th\u1ef1c thi s\u1ebd \u0111\u01b0\u1ee3c thay th\u1ebf b\u1eb1ng m\u1ed9t \u0111i\u1ec1u kho\u1ea3n h\u1ee3p l\u1ec7, c\u00f3 th\u1ec3 th\u1ef1c thi ph\u1ea3n \u00e1nh g\u1ea7n nh\u1ea5t \u00fd \u0111\u1ecbnh c\u1ee7a \u0111i\u1ec1u kho\u1ea3n ban \u0111\u1ea7u.<\/p>\n\n\n\n<h3 class=\"wp-block-heading\">15. <strong>To\u00e0n b\u1ed9 th\u1ecfa thu\u1eadn<\/strong><\/h3>\n\n\n\n<p>C\u00e1c \u0110i\u1ec1u kho\u1ea3n n\u00e0y, c\u00f9ng v\u1edbi <strong><a href=\"https:\/\/thecoralislandpattaya.com\/vi\/chinh-sach-bao-mat\/\">Ch\u00ednh s\u00e1ch b\u1ea3o m\u1eadt<\/a><\/strong> v\u00e0 b\u1ea5t k\u1ef3 th\u00f4ng b\u00e1o ph\u00e1p l\u00fd n\u00e0o kh\u00e1c \u0111\u01b0\u1ee3c c\u00f4ng b\u1ed1 tr\u00ean Trang web, c\u1ea5u th\u00e0nh to\u00e0n b\u1ed9 th\u1ecfa thu\u1eadn gi\u1eefa b\u1ea1n v\u00e0 <strong>The Thai Tourism Co., LTD.<\/strong> v\u1ec1 vi\u1ec7c b\u1ea1n s\u1eed d\u1ee5ng Trang web. C\u00e1c t\u00e0i li\u1ec7u n\u00e0y thay th\u1ebf m\u1ecdi th\u1ecfa thu\u1eadn ho\u1eb7c th\u00f4ng tin li\u00ean l\u1ea1c tr\u01b0\u1edbc \u0111\u00f3, d\u00f9 b\u1eb1ng v\u0103n b\u1ea3n hay b\u1eb1ng mi\u1ec7ng, li\u00ean quan \u0111\u1ebfn vi\u1ec7c b\u1ea1n s\u1eed d\u1ee5ng Trang web.<\/p>","protected":false},"excerpt":{"rendered":"<p>Terms Of Usage Effective Date: 1 Sep 2024 Welcome to Coral Island Pattaya. These Terms of Usage (&#8220;Terms&#8221;) govern your use of our website, https:\/\/thecoralislandpattaya.com\/ (&#8220;the Site&#8221;), owned and operated by The Thai Tourism Co., LTD. and managed under the parent company, The Thai Tourism (thethaitourism.com). By accessing or using our services, including booking Coral [&hellip;]<\/p>\n","protected":false},"author":1,"featured_media":0,"parent":0,"menu_order":0,"comment_status":"closed","ping_status":"closed","template":"","meta":{"ocean_post_layout":"","ocean_both_sidebars_style":"","ocean_both_sidebars_content_width":0,"ocean_both_sidebars_sidebars_width":0,"ocean_sidebar":"","ocean_second_sidebar":"","ocean_disable_margins":"enable","ocean_add_body_class":"","ocean_shortcode_before_top_bar":"","ocean_shortcode_after_top_bar":"","ocean_shortcode_before_header":"","ocean_shortcode_after_header":"","ocean_has_shortcode":"","ocean_shortcode_after_title":"","ocean_shortcode_before_footer_widgets":"","ocean_shortcode_after_footer_widgets":"","ocean_shortcode_before_footer_bottom":"","ocean_shortcode_after_footer_bottom":"","ocean_display_top_bar":"default","ocean_display_header":"default","ocean_header_style":"","ocean_center_header_left_menu":"","ocean_custom_header_template":"","ocean_custom_logo":0,"ocean_custom_retina_logo":0,"ocean_custom_logo_max_width":0,"ocean_custom_logo_tablet_max_width":0,"ocean_custom_logo_mobile_max_width":0,"ocean_custom_logo_max_height":0,"ocean_custom_logo_tablet_max_height":0,"ocean_custom_logo_mobile_max_height":0,"ocean_header_custom_menu":"","ocean_menu_typo_font_family":"","ocean_menu_typo_font_subset":"","ocean_menu_typo_font_size":0,"ocean_menu_typo_font_size_tablet":0,"ocean_menu_typo_font_size_mobile":0,"ocean_menu_typo_font_size_unit":"px","ocean_menu_typo_font_weight":"","ocean_menu_typo_font_weight_tablet":"","ocean_menu_typo_font_weight_mobile":"","ocean_menu_typo_transform":"","ocean_menu_typo_transform_tablet":"","ocean_menu_typo_transform_mobile":"","ocean_menu_typo_line_height":0,"ocean_menu_typo_line_height_tablet":0,"ocean_menu_typo_line_height_mobile":0,"ocean_menu_typo_line_height_unit":"","ocean_menu_typo_spacing":0,"ocean_menu_typo_spacing_tablet":0,"ocean_menu_typo_spacing_mobile":0,"ocean_menu_typo_spacing_unit":"","ocean_menu_link_color":"","ocean_menu_link_color_hover":"","ocean_menu_link_color_active":"","ocean_menu_link_background":"","ocean_menu_link_hover_background":"","ocean_menu_link_active_background":"","ocean_menu_social_links_bg":"","ocean_menu_social_hover_links_bg":"","ocean_menu_social_links_color":"","ocean_menu_social_hover_links_color":"","ocean_disable_title":"default","ocean_disable_heading":"default","ocean_post_title":"","ocean_post_subheading":"","ocean_post_title_style":"","ocean_post_title_background_color":"","ocean_post_title_background":0,"ocean_post_title_bg_image_position":"","ocean_post_title_bg_image_attachment":"","ocean_post_title_bg_image_repeat":"","ocean_post_title_bg_image_size":"","ocean_post_title_height":0,"ocean_post_title_bg_overlay":0.5,"ocean_post_title_bg_overlay_color":"","ocean_disable_breadcrumbs":"default","ocean_breadcrumbs_color":"","ocean_breadcrumbs_separator_color":"","ocean_breadcrumbs_links_color":"","ocean_breadcrumbs_links_hover_color":"","ocean_display_footer_widgets":"default","ocean_display_footer_bottom":"default","ocean_custom_footer_template":"","footnotes":""},"class_list":["post-619","page","type-page","status-publish","hentry","entry","owp-thumbs-layout-horizontal","owp-btn-normal","owp-tabs-layout-horizontal","has-no-thumbnails","has-product-nav"],"yoast_head":"<!-- This site is optimized with the Yoast SEO plugin v27.3 - https:\/\/yoast.com\/product\/yoast-seo-wordpress\/ -->\n<title>Terms Of Usage | Coral Island Tours Pattaya Packages<\/title>\n<meta name=\"description\" content=\"Understand The Terms Of Using Coral Island Tours. Review Booking Policies, Cancellations, And User Responsibilities.\" \/>\n<meta name=\"robots\" content=\"index, follow, max-snippet:-1, max-image-preview:large, max-video-preview:-1\" \/>\n<link rel=\"canonical\" href=\"https:\/\/thecoralislandpattaya.com\/vi\/dieu-khoan-su-dung\/\" \/>\n<meta property=\"og:locale\" content=\"vi_VN\" \/>\n<meta property=\"og:type\" content=\"article\" \/>\n<meta property=\"og:title\" content=\"Terms Of Usage | Coral Island Tours Pattaya Packages\" \/>\n<meta property=\"og:description\" content=\"Understand The Terms Of Using Coral Island Tours. Review Booking Policies, Cancellations, And User Responsibilities.\" \/>\n<meta property=\"og:url\" content=\"https:\/\/thecoralislandpattaya.com\/vi\/dieu-khoan-su-dung\/\" \/>\n<meta property=\"og:site_name\" content=\"Coral Island Pattaya\" \/>\n<meta property=\"article:modified_time\" content=\"2026-02-07T12:24:59+00:00\" \/>\n<meta name=\"twitter:card\" content=\"summary_large_image\" \/>\n<meta name=\"twitter:label1\" content=\"\u01af\u1edbc t\u00ednh th\u1eddi gian \u0111\u1ecdc\" \/>\n\t<meta name=\"twitter:data1\" content=\"4 ph\u00fat\" \/>\n<script type=\"application\/ld+json\" class=\"yoast-schema-graph\">{\"@context\":\"https:\\\/\\\/schema.org\",\"@graph\":[{\"@type\":\"WebPage\",\"@id\":\"https:\\\/\\\/thecoralislandpattaya.com\\\/terms-of-usage\\\/\",\"url\":\"https:\\\/\\\/thecoralislandpattaya.com\\\/terms-of-usage\\\/\",\"name\":\"Terms Of Usage | Coral Island Tours Pattaya Packages\",\"isPartOf\":{\"@id\":\"https:\\\/\\\/thecoralislandpattaya.com\\\/#website\"},\"datePublished\":\"2024-09-04T10:55:37+00:00\",\"dateModified\":\"2026-02-07T12:24:59+00:00\",\"description\":\"Understand The Terms Of Using Coral Island Tours. Review Booking Policies, Cancellations, And User Responsibilities.\",\"breadcrumb\":{\"@id\":\"https:\\\/\\\/thecoralislandpattaya.com\\\/terms-of-usage\\\/#breadcrumb\"},\"inLanguage\":\"vi\",\"potentialAction\":[{\"@type\":\"ReadAction\",\"target\":[\"https:\\\/\\\/thecoralislandpattaya.com\\\/terms-of-usage\\\/\"]}]},{\"@type\":\"BreadcrumbList\",\"@id\":\"https:\\\/\\\/thecoralislandpattaya.com\\\/terms-of-usage\\\/#breadcrumb\",\"itemListElement\":[{\"@type\":\"ListItem\",\"position\":1,\"name\":\"Home\",\"item\":\"https:\\\/\\\/thecoralislandpattaya.com\\\/\"},{\"@type\":\"ListItem\",\"position\":2,\"name\":\"Terms Of Usage\"}]},{\"@type\":\"WebSite\",\"@id\":\"https:\\\/\\\/thecoralislandpattaya.com\\\/#website\",\"url\":\"https:\\\/\\\/thecoralislandpattaya.com\\\/\",\"name\":\"Coral Island Pattaya\",\"description\":\"\",\"publisher\":{\"@id\":\"https:\\\/\\\/thecoralislandpattaya.com\\\/#organization\"},\"potentialAction\":[{\"@type\":\"SearchAction\",\"target\":{\"@type\":\"EntryPoint\",\"urlTemplate\":\"https:\\\/\\\/thecoralislandpattaya.com\\\/?s={search_term_string}\"},\"query-input\":{\"@type\":\"PropertyValueSpecification\",\"valueRequired\":true,\"valueName\":\"search_term_string\"}}],\"inLanguage\":\"vi\"},{\"@type\":\"Organization\",\"@id\":\"https:\\\/\\\/thecoralislandpattaya.com\\\/#organization\",\"name\":\"Coral Island Pattaya\",\"url\":\"https:\\\/\\\/thecoralislandpattaya.com\\\/\",\"logo\":{\"@type\":\"ImageObject\",\"inLanguage\":\"vi\",\"@id\":\"https:\\\/\\\/thecoralislandpattaya.com\\\/#\\\/schema\\\/logo\\\/image\\\/\",\"url\":\"https:\\\/\\\/thecoralislandpattaya.com\\\/wp-content\\\/uploads\\\/2024\\\/08\\\/the-Coral-Island-logo.webp\",\"contentUrl\":\"https:\\\/\\\/thecoralislandpattaya.com\\\/wp-content\\\/uploads\\\/2024\\\/08\\\/the-Coral-Island-logo.webp\",\"width\":406,\"height\":73,\"caption\":\"Coral Island Pattaya\"},\"image\":{\"@id\":\"https:\\\/\\\/thecoralislandpattaya.com\\\/#\\\/schema\\\/logo\\\/image\\\/\"}}]}<\/script>\n<!-- \/ Yoast SEO plugin. -->","yoast_head_json":{"title":"\u0110i\u1ec1u kho\u1ea3n s\u1eed d\u1ee5ng | Coral Island Tours Pattaya Packages","description":"Hi\u1ec3u c\u00e1c \u0111i\u1ec1u kho\u1ea3n s\u1eed d\u1ee5ng Coral Island Tours. Xem l\u1ea1i ch\u00ednh s\u00e1ch \u0111\u1eb7t ph\u00f2ng, h\u1ee7y b\u1ecf v\u00e0 tr\u00e1ch nhi\u1ec7m c\u1ee7a ng\u01b0\u1eddi d\u00f9ng.","robots":{"index":"index","follow":"follow","max-snippet":"max-snippet:-1","max-image-preview":"max-image-preview:large","max-video-preview":"max-video-preview:-1"},"canonical":"https:\/\/thecoralislandpattaya.com\/vi\/dieu-khoan-su-dung\/","og_locale":"vi_VN","og_type":"article","og_title":"Terms Of Usage | Coral Island Tours Pattaya Packages","og_description":"Understand The Terms Of Using Coral Island Tours. Review Booking Policies, Cancellations, And User Responsibilities.","og_url":"https:\/\/thecoralislandpattaya.com\/vi\/dieu-khoan-su-dung\/","og_site_name":"Coral Island Pattaya","article_modified_time":"2026-02-07T12:24:59+00:00","twitter_card":"summary_large_image","twitter_misc":{"\u01af\u1edbc t\u00ednh th\u1eddi gian \u0111\u1ecdc":"4 ph\u00fat"},"schema":{"@context":"https:\/\/schema.org","@graph":[{"@type":"WebPage","@id":"https:\/\/thecoralislandpattaya.com\/terms-of-usage\/","url":"https:\/\/thecoralislandpattaya.com\/terms-of-usage\/","name":"\u0110i\u1ec1u kho\u1ea3n s\u1eed d\u1ee5ng | Coral Island Tours Pattaya Packages","isPartOf":{"@id":"https:\/\/thecoralislandpattaya.com\/#website"},"datePublished":"2024-09-04T10:55:37+00:00","dateModified":"2026-02-07T12:24:59+00:00","description":"Hi\u1ec3u c\u00e1c \u0111i\u1ec1u kho\u1ea3n s\u1eed d\u1ee5ng Coral Island Tours. Xem l\u1ea1i ch\u00ednh s\u00e1ch \u0111\u1eb7t ph\u00f2ng, h\u1ee7y b\u1ecf v\u00e0 tr\u00e1ch nhi\u1ec7m c\u1ee7a ng\u01b0\u1eddi d\u00f9ng.","breadcrumb":{"@id":"https:\/\/thecoralislandpattaya.com\/terms-of-usage\/#breadcrumb"},"inLanguage":"vi","potentialAction":[{"@type":"ReadAction","target":["https:\/\/thecoralislandpattaya.com\/terms-of-usage\/"]}]},{"@type":"BreadcrumbList","@id":"https:\/\/thecoralislandpattaya.com\/terms-of-usage\/#breadcrumb","itemListElement":[{"@type":"ListItem","position":1,"name":"Home","item":"https:\/\/thecoralislandpattaya.com\/"},{"@type":"ListItem","position":2,"name":"Terms Of Usage"}]},{"@type":"WebSite","@id":"https:\/\/thecoralislandpattaya.com\/#website","url":"https:\/\/thecoralislandpattaya.com\/","name":"\u0110\u1ea3o San H\u00f4 Pattaya","description":"","publisher":{"@id":"https:\/\/thecoralislandpattaya.com\/#organization"},"potentialAction":[{"@type":"SearchAction","target":{"@type":"EntryPoint","urlTemplate":"https:\/\/thecoralislandpattaya.com\/?s={search_term_string}"},"query-input":{"@type":"PropertyValueSpecification","valueRequired":true,"valueName":"search_term_string"}}],"inLanguage":"vi"},{"@type":"Organization","@id":"https:\/\/thecoralislandpattaya.com\/#organization","name":"\u0110\u1ea3o San H\u00f4 Pattaya","url":"https:\/\/thecoralislandpattaya.com\/","logo":{"@type":"ImageObject","inLanguage":"vi","@id":"https:\/\/thecoralislandpattaya.com\/#\/schema\/logo\/image\/","url":"https:\/\/thecoralislandpattaya.com\/wp-content\/uploads\/2024\/08\/the-Coral-Island-logo.webp","contentUrl":"https:\/\/thecoralislandpattaya.com\/wp-content\/uploads\/2024\/08\/the-Coral-Island-logo.webp","width":406,"height":73,"caption":"Coral Island Pattaya"},"image":{"@id":"https:\/\/thecoralislandpattaya.com\/#\/schema\/logo\/image\/"}}]}},"_links":{"self":[{"href":"https:\/\/thecoralislandpattaya.com\/vi\/wp-json\/wp\/v2\/pages\/619","targetHints":{"allow":["GET"]}}],"collection":[{"href":"https:\/\/thecoralislandpattaya.com\/vi\/wp-json\/wp\/v2\/pages"}],"about":[{"href":"https:\/\/thecoralislandpattaya.com\/vi\/wp-json\/wp\/v2\/types\/page"}],"author":[{"embeddable":true,"href":"https:\/\/thecoralislandpattaya.com\/vi\/wp-json\/wp\/v2\/users\/1"}],"replies":[{"embeddable":true,"href":"https:\/\/thecoralislandpattaya.com\/vi\/wp-json\/wp\/v2\/comments?post=619"}],"version-history":[{"count":1,"href":"https:\/\/thecoralislandpattaya.com\/vi\/wp-json\/wp\/v2\/pages\/619\/revisions"}],"predecessor-version":[{"id":1369,"href":"https:\/\/thecoralislandpattaya.com\/vi\/wp-json\/wp\/v2\/pages\/619\/revisions\/1369"}],"wp:attachment":[{"href":"https:\/\/thecoralislandpattaya.com\/vi\/wp-json\/wp\/v2\/media?parent=619"}],"curies":[{"name":"wp","href":"https:\/\/api.w.org\/{rel}","templated":true}]}}