{"id":617,"date":"2024-09-04T16:21:40","date_gmt":"2024-09-04T10:51:40","guid":{"rendered":"https:\/\/thecoralislandpattaya.com\/?page_id=617"},"modified":"2026-02-07T17:49:19","modified_gmt":"2026-02-07T12:19:19","slug":"company-details","status":"publish","type":"page","link":"https:\/\/thecoralislandpattaya.com\/vi\/chi-tiet-cong-ty\/","title":{"rendered":"Chi ti\u1ebft c\u00f4ng ty"},"content":{"rendered":"<h2 class=\"wp-block-heading has-text-align-center\">Chi ti\u1ebft c\u00f4ng ty<\/h2>\n\n\n\n<p>Ch\u00e0o m\u1eebng \u0111\u1ebfn v\u1edbi <strong><a href=\"https:\/\/thecoralislandpattaya.com\/vi\/\">\u0110\u1ea3o San H\u00f4 Pattaya<\/a><\/strong>, \u0111i\u1ec3m \u0111\u1ebfn h\u00e0ng \u0111\u1ea7u c\u1ee7a b\u1ea1n \u0111\u1ec3 \u0111\u1eb7t c\u00e1c g\u00f3i tour du l\u1ecbch \u0110\u1ea3o San H\u00f4 \u0111\u1ed9c quy\u1ec1n t\u1ea1i Pattaya v\u00e0 Phuket. N\u1ec1n t\u1ea3ng c\u1ee7a ch\u00fang t\u00f4i thu\u1ed9c s\u1edf h\u1eefu v\u00e0 \u0111\u01b0\u1ee3c \u0111i\u1ec1u h\u00e0nh b\u1edfi <strong>C\u00f4ng ty Du l\u1ecbch Th\u00e1i Lan.<\/strong>, m\u1ed9t c\u00e1i t\u00ean \u0111\u00e1ng tin c\u1eady trong ng\u00e0nh du l\u1ecbch Th\u00e1i Lan th\u00f4ng qua c\u00f4ng ty m\u1eb9 c\u1ee7a ch\u00fang t\u00f4i, <strong>Du l\u1ecbch Th\u00e1i Lan<\/strong> (<a href=\"https:\/\/thethaitourism.com\/\">thethaitourism.com<\/a>).<\/p>\n\n\n\n<p>T\u1ea1i Coral Island Pattaya, ch\u00fang t\u00f4i t\u1eadn t\u00e2m mang \u0111\u1ebfn cho du kh\u00e1ch nh\u1eefng tr\u1ea3i nghi\u1ec7m du l\u1ecbch t\u1ed1t nh\u1ea5t, cung c\u1ea5p c\u00e1c g\u00f3i d\u1ecbch v\u1ee5 \u0111\u01b0\u1ee3c tuy\u1ec3n ch\u1ecdn k\u1ef9 l\u01b0\u1ee1ng bao g\u1ed3m c\u00e1c chuy\u1ebfn tham quan b\u00e3i bi\u1ec3n, th\u1ec3 thao d\u01b0\u1edbi n\u01b0\u1edbc v\u00e0 c\u00e1c cu\u1ed9c phi\u00eau l\u01b0u tr\u00ean \u0111\u1ea3o t\u1ea1i \u0110\u1ea3o San H\u00f4 n\u1ed5i ti\u1ebfng.<\/p>\n\n\n\n<h3 class=\"wp-block-heading\"><strong>T\u00ean c\u00f4ng ty<\/strong><\/h3>\n\n\n\n<p>C\u00f4ng ty Du l\u1ecbch Th\u00e1i Lan.<br><a href=\"https:\/\/thethaitourism.com\">https:\/\/thethaitourism.com<\/a><\/p>\n\n\n\n<h3 class=\"wp-block-heading\"><strong>Trang web<\/strong><\/h3>\n\n\n\n<p><strong>\u0110\u1ea3o San H\u00f4 Pattaya<\/strong><br><a href=\"https:\/\/thecoralislandpattaya.com\/vi\/\">https:\/\/thecoralislandpattaya.com<\/a><\/p>\n\n\n\n<h3 class=\"wp-block-heading\"><strong>Th\u00f4ng tin li\u00ean l\u1ea1c<\/strong><\/h3>\n\n\n\n<ul class=\"wp-block-list\">\n<li><strong>E-mail<\/strong>: <a>contact@thecoralislandpattaya.com<\/a><\/li>\n\n\n\n<li><strong>WhatsApp<\/strong>: <a href=\"https:\/\/wa.me\/66876366660?text=Hello%20I'm%20interested.%20Could%20you%20please%20help%20me%20with%20information%20related%20to%20Coral%20Island%20Tours%20Packages?%20Thank%20You!\">+66-876366660<\/a><\/li>\n<\/ul>\n\n\n\n<h3 class=\"wp-block-heading\"><strong>D\u1ecbch v\u1ee5 cung c\u1ea5p<\/strong><\/h3>\n\n\n\n<p>Coral Island Pattaya chuy\u00ean cung c\u1ea5p c\u00e1c g\u00f3i tour tr\u1ecdn g\u00f3i cho:<\/p>\n\n\n\n<ul class=\"wp-block-list\">\n<li><strong><a href=\"https:\/\/thecoralislandpattaya.com\/vi\/\">\u0110\u1ea3o San H\u00f4 Pattaya<\/a><\/strong>: T\u1eadn h\u01b0\u1edfng nh\u1eefng b\u00e3i bi\u1ec3n nguy\u00ean s\u01a1, c\u00e1c m\u00f4n th\u1ec3 thao d\u01b0\u1edbi n\u01b0\u1edbc v\u00e0 kh\u00e1m ph\u00e1 \u0111\u1ea3o.<\/li>\n<\/ul>\n\n\n\n<p>S\u1ee9 m\u1ec7nh c\u1ee7a ch\u00fang t\u00f4i l\u00e0 cung c\u1ea5p tr\u1ea3i nghi\u1ec7m \u0111\u1eb7t ph\u00f2ng li\u1ec1n m\u1ea1ch cho kh\u00e1ch du l\u1ecbch t\u00ecm ki\u1ebfm nh\u1eefng \u0111i\u1ec1u tuy\u1ec7t v\u1eddi nh\u1ea5t c\u1ee7a \u0110\u1ea3o San H\u00f4. V\u1edbi d\u1ecbch v\u1ee5 kh\u00e1ch h\u00e0ng \u0111\u1eb7c bi\u1ec7t, giao d\u1ecbch an to\u00e0n v\u00e0 c\u00e1c g\u00f3i tour \u0111\u01b0\u1ee3c thi\u1ebft k\u1ebf chuy\u00ean nghi\u1ec7p, ch\u00fang t\u00f4i mong mu\u1ed1n bi\u1ebfn chuy\u1ebfn \u0111i \u0111\u1ebfn \u0110\u1ea3o San H\u00f4 c\u1ee7a b\u1ea1n tr\u1edf n\u00ean kh\u00f3 qu\u00ean.<\/p>\n\n\n\n<h3 class=\"wp-block-heading\"><strong>\u0110\u0103ng k\u00fd kinh doanh<\/strong><\/h3>\n\n\n\n<p>The Thai Tourism Co., Ltd. is fully registered and licensed under Thai law. We pride ourselves on transparency, professionalism, and adhering to the highest standards in the tourism industry.<\/p>\n\n\n\n<p>\u0110\u1ed1i v\u1edbi b\u1ea5t k\u1ef3 th\u1eafc m\u1eafc ho\u1eb7c th\u00f4ng tin b\u1ed5 sung n\u00e0o li\u00ean quan \u0111\u1ebfn c\u00f4ng ty, d\u1ecbch v\u1ee5 ho\u1eb7c g\u00f3i tour c\u1ee7a ch\u00fang t\u00f4i, vui l\u00f2ng li\u00ean h\u1ec7 v\u1edbi ch\u00fang t\u00f4i qua email ho\u1eb7c WhatsApp. \u0110\u1ed9i ng\u0169 c\u1ee7a ch\u00fang t\u00f4i lu\u00f4n s\u1eb5n s\u00e0ng h\u1ed7 tr\u1ee3 b\u1ea1n v\u1ec1 nhu c\u1ea7u du l\u1ecbch c\u1ee7a b\u1ea1n.<\/p>","protected":false},"excerpt":{"rendered":"<p>Company Details Welcome to Coral Island Pattaya, your premier destination for booking exclusive Coral Island tour packages in Pattaya and Phuket. Our platform is owned and operated by The Thai Tourism Co., Ltd., a trusted name in Thailand\u2019s tourism industry through our parent company, The Thai Tourism (thethaitourism.com). At Coral Island Pattaya, we are dedicated [&hellip;]<\/p>\n","protected":false},"author":1,"featured_media":0,"parent":0,"menu_order":0,"comment_status":"closed","ping_status":"closed","template":"","meta":{"ocean_post_layout":"","ocean_both_sidebars_style":"","ocean_both_sidebars_content_width":0,"ocean_both_sidebars_sidebars_width":0,"ocean_sidebar":"","ocean_second_sidebar":"","ocean_disable_margins":"enable","ocean_add_body_class":"","ocean_shortcode_before_top_bar":"","ocean_shortcode_after_top_bar":"","ocean_shortcode_before_header":"","ocean_shortcode_after_header":"","ocean_has_shortcode":"","ocean_shortcode_after_title":"","ocean_shortcode_before_footer_widgets":"","ocean_shortcode_after_footer_widgets":"","ocean_shortcode_before_footer_bottom":"","ocean_shortcode_after_footer_bottom":"","ocean_display_top_bar":"default","ocean_display_header":"default","ocean_header_style":"","ocean_center_header_left_menu":"","ocean_custom_header_template":"","ocean_custom_logo":0,"ocean_custom_retina_logo":0,"ocean_custom_logo_max_width":0,"ocean_custom_logo_tablet_max_width":0,"ocean_custom_logo_mobile_max_width":0,"ocean_custom_logo_max_height":0,"ocean_custom_logo_tablet_max_height":0,"ocean_custom_logo_mobile_max_height":0,"ocean_header_custom_menu":"","ocean_menu_typo_font_family":"","ocean_menu_typo_font_subset":"","ocean_menu_typo_font_size":0,"ocean_menu_typo_font_size_tablet":0,"ocean_menu_typo_font_size_mobile":0,"ocean_menu_typo_font_size_unit":"px","ocean_menu_typo_font_weight":"","ocean_menu_typo_font_weight_tablet":"","ocean_menu_typo_font_weight_mobile":"","ocean_menu_typo_transform":"","ocean_menu_typo_transform_tablet":"","ocean_menu_typo_transform_mobile":"","ocean_menu_typo_line_height":0,"ocean_menu_typo_line_height_tablet":0,"ocean_menu_typo_line_height_mobile":0,"ocean_menu_typo_line_height_unit":"","ocean_menu_typo_spacing":0,"ocean_menu_typo_spacing_tablet":0,"ocean_menu_typo_spacing_mobile":0,"ocean_menu_typo_spacing_unit":"","ocean_menu_link_color":"","ocean_menu_link_color_hover":"","ocean_menu_link_color_active":"","ocean_menu_link_background":"","ocean_menu_link_hover_background":"","ocean_menu_link_active_background":"","ocean_menu_social_links_bg":"","ocean_menu_social_hover_links_bg":"","ocean_menu_social_links_color":"","ocean_menu_social_hover_links_color":"","ocean_disable_title":"default","ocean_disable_heading":"default","ocean_post_title":"","ocean_post_subheading":"","ocean_post_title_style":"","ocean_post_title_background_color":"","ocean_post_title_background":0,"ocean_post_title_bg_image_position":"","ocean_post_title_bg_image_attachment":"","ocean_post_title_bg_image_repeat":"","ocean_post_title_bg_image_size":"","ocean_post_title_height":0,"ocean_post_title_bg_overlay":0.5,"ocean_post_title_bg_overlay_color":"","ocean_disable_breadcrumbs":"default","ocean_breadcrumbs_color":"","ocean_breadcrumbs_separator_color":"","ocean_breadcrumbs_links_color":"","ocean_breadcrumbs_links_hover_color":"","ocean_display_footer_widgets":"default","ocean_display_footer_bottom":"default","ocean_custom_footer_template":"","footnotes":""},"class_list":["post-617","page","type-page","status-publish","hentry","entry","owp-thumbs-layout-horizontal","owp-btn-normal","owp-tabs-layout-horizontal","has-no-thumbnails","has-product-nav"],"yoast_head":"<!-- This site is optimized with the Yoast SEO plugin v27.3 - https:\/\/yoast.com\/product\/yoast-seo-wordpress\/ -->\n<title>Company Details | Coral Island Pattaya Tour Packages<\/title>\n<meta name=\"description\" content=\"Learn About Coral Island Pattaya, Your Trusted Provider For Pattaya Tour Packages. Explore Our Company Details Now!\" \/>\n<meta name=\"robots\" content=\"index, follow, max-snippet:-1, max-image-preview:large, max-video-preview:-1\" \/>\n<link rel=\"canonical\" href=\"https:\/\/thecoralislandpattaya.com\/vi\/chi-tiet-cong-ty\/\" \/>\n<meta property=\"og:locale\" content=\"vi_VN\" \/>\n<meta property=\"og:type\" content=\"article\" \/>\n<meta property=\"og:title\" content=\"Company Details | Coral Island Pattaya Tour Packages\" \/>\n<meta property=\"og:description\" content=\"Learn About Coral Island Pattaya, Your Trusted Provider For Pattaya Tour Packages. Explore Our Company Details Now!\" \/>\n<meta property=\"og:url\" content=\"https:\/\/thecoralislandpattaya.com\/vi\/chi-tiet-cong-ty\/\" \/>\n<meta property=\"og:site_name\" content=\"Coral Island Pattaya\" \/>\n<meta property=\"article:modified_time\" content=\"2026-02-07T12:19:19+00:00\" \/>\n<meta name=\"twitter:card\" content=\"summary_large_image\" \/>\n<meta name=\"twitter:label1\" content=\"\u01af\u1edbc t\u00ednh th\u1eddi gian \u0111\u1ecdc\" \/>\n\t<meta name=\"twitter:data1\" content=\"1 ph\u00fat\" \/>\n<script type=\"application\/ld+json\" class=\"yoast-schema-graph\">{\"@context\":\"https:\\\/\\\/schema.org\",\"@graph\":[{\"@type\":\"WebPage\",\"@id\":\"https:\\\/\\\/thecoralislandpattaya.com\\\/company-details\\\/\",\"url\":\"https:\\\/\\\/thecoralislandpattaya.com\\\/company-details\\\/\",\"name\":\"Company Details | Coral Island Pattaya Tour Packages\",\"isPartOf\":{\"@id\":\"https:\\\/\\\/thecoralislandpattaya.com\\\/#website\"},\"datePublished\":\"2024-09-04T10:51:40+00:00\",\"dateModified\":\"2026-02-07T12:19:19+00:00\",\"description\":\"Learn About Coral Island Pattaya, Your Trusted Provider For Pattaya Tour Packages. Explore Our Company Details Now!\",\"breadcrumb\":{\"@id\":\"https:\\\/\\\/thecoralislandpattaya.com\\\/company-details\\\/#breadcrumb\"},\"inLanguage\":\"vi\",\"potentialAction\":[{\"@type\":\"ReadAction\",\"target\":[\"https:\\\/\\\/thecoralislandpattaya.com\\\/company-details\\\/\"]}]},{\"@type\":\"BreadcrumbList\",\"@id\":\"https:\\\/\\\/thecoralislandpattaya.com\\\/company-details\\\/#breadcrumb\",\"itemListElement\":[{\"@type\":\"ListItem\",\"position\":1,\"name\":\"Home\",\"item\":\"https:\\\/\\\/thecoralislandpattaya.com\\\/\"},{\"@type\":\"ListItem\",\"position\":2,\"name\":\"Company Details\"}]},{\"@type\":\"WebSite\",\"@id\":\"https:\\\/\\\/thecoralislandpattaya.com\\\/#website\",\"url\":\"https:\\\/\\\/thecoralislandpattaya.com\\\/\",\"name\":\"Coral Island Pattaya\",\"description\":\"\",\"publisher\":{\"@id\":\"https:\\\/\\\/thecoralislandpattaya.com\\\/#organization\"},\"potentialAction\":[{\"@type\":\"SearchAction\",\"target\":{\"@type\":\"EntryPoint\",\"urlTemplate\":\"https:\\\/\\\/thecoralislandpattaya.com\\\/?s={search_term_string}\"},\"query-input\":{\"@type\":\"PropertyValueSpecification\",\"valueRequired\":true,\"valueName\":\"search_term_string\"}}],\"inLanguage\":\"vi\"},{\"@type\":\"Organization\",\"@id\":\"https:\\\/\\\/thecoralislandpattaya.com\\\/#organization\",\"name\":\"Coral Island Pattaya\",\"url\":\"https:\\\/\\\/thecoralislandpattaya.com\\\/\",\"logo\":{\"@type\":\"ImageObject\",\"inLanguage\":\"vi\",\"@id\":\"https:\\\/\\\/thecoralislandpattaya.com\\\/#\\\/schema\\\/logo\\\/image\\\/\",\"url\":\"https:\\\/\\\/thecoralislandpattaya.com\\\/wp-content\\\/uploads\\\/2024\\\/08\\\/the-Coral-Island-logo.webp\",\"contentUrl\":\"https:\\\/\\\/thecoralislandpattaya.com\\\/wp-content\\\/uploads\\\/2024\\\/08\\\/the-Coral-Island-logo.webp\",\"width\":406,\"height\":73,\"caption\":\"Coral Island Pattaya\"},\"image\":{\"@id\":\"https:\\\/\\\/thecoralislandpattaya.com\\\/#\\\/schema\\\/logo\\\/image\\\/\"}}]}<\/script>\n<!-- \/ Yoast SEO plugin. -->","yoast_head_json":{"title":"Chi ti\u1ebft c\u00f4ng ty | G\u00f3i tour du l\u1ecbch \u0111\u1ea3o san h\u00f4 Pattaya","description":"T\u00ecm hi\u1ec3u v\u1ec1 Coral Island Pattaya, Nh\u00e0 cung c\u1ea5p \u0111\u00e1ng tin c\u1eady c\u1ee7a b\u1ea1n cho c\u00e1c g\u00f3i tour du l\u1ecbch Pattaya. Kh\u00e1m ph\u00e1 th\u00f4ng tin chi ti\u1ebft v\u1ec1 c\u00f4ng ty c\u1ee7a ch\u00fang t\u00f4i ngay!","robots":{"index":"index","follow":"follow","max-snippet":"max-snippet:-1","max-image-preview":"max-image-preview:large","max-video-preview":"max-video-preview:-1"},"canonical":"https:\/\/thecoralislandpattaya.com\/vi\/chi-tiet-cong-ty\/","og_locale":"vi_VN","og_type":"article","og_title":"Company Details | Coral Island Pattaya Tour Packages","og_description":"Learn About Coral Island Pattaya, Your Trusted Provider For Pattaya Tour Packages. Explore Our Company Details Now!","og_url":"https:\/\/thecoralislandpattaya.com\/vi\/chi-tiet-cong-ty\/","og_site_name":"Coral Island Pattaya","article_modified_time":"2026-02-07T12:19:19+00:00","twitter_card":"summary_large_image","twitter_misc":{"\u01af\u1edbc t\u00ednh th\u1eddi gian \u0111\u1ecdc":"1 ph\u00fat"},"schema":{"@context":"https:\/\/schema.org","@graph":[{"@type":"WebPage","@id":"https:\/\/thecoralislandpattaya.com\/company-details\/","url":"https:\/\/thecoralislandpattaya.com\/company-details\/","name":"Chi ti\u1ebft c\u00f4ng ty | G\u00f3i tour du l\u1ecbch \u0111\u1ea3o san h\u00f4 Pattaya","isPartOf":{"@id":"https:\/\/thecoralislandpattaya.com\/#website"},"datePublished":"2024-09-04T10:51:40+00:00","dateModified":"2026-02-07T12:19:19+00:00","description":"T\u00ecm hi\u1ec3u v\u1ec1 Coral Island Pattaya, Nh\u00e0 cung c\u1ea5p \u0111\u00e1ng tin c\u1eady c\u1ee7a b\u1ea1n cho c\u00e1c g\u00f3i tour du l\u1ecbch Pattaya. Kh\u00e1m ph\u00e1 th\u00f4ng tin chi ti\u1ebft v\u1ec1 c\u00f4ng ty c\u1ee7a ch\u00fang t\u00f4i ngay!","breadcrumb":{"@id":"https:\/\/thecoralislandpattaya.com\/company-details\/#breadcrumb"},"inLanguage":"vi","potentialAction":[{"@type":"ReadAction","target":["https:\/\/thecoralislandpattaya.com\/company-details\/"]}]},{"@type":"BreadcrumbList","@id":"https:\/\/thecoralislandpattaya.com\/company-details\/#breadcrumb","itemListElement":[{"@type":"ListItem","position":1,"name":"Home","item":"https:\/\/thecoralislandpattaya.com\/"},{"@type":"ListItem","position":2,"name":"Company Details"}]},{"@type":"WebSite","@id":"https:\/\/thecoralislandpattaya.com\/#website","url":"https:\/\/thecoralislandpattaya.com\/","name":"\u0110\u1ea3o San H\u00f4 Pattaya","description":"","publisher":{"@id":"https:\/\/thecoralislandpattaya.com\/#organization"},"potentialAction":[{"@type":"SearchAction","target":{"@type":"EntryPoint","urlTemplate":"https:\/\/thecoralislandpattaya.com\/?s={search_term_string}"},"query-input":{"@type":"PropertyValueSpecification","valueRequired":true,"valueName":"search_term_string"}}],"inLanguage":"vi"},{"@type":"Organization","@id":"https:\/\/thecoralislandpattaya.com\/#organization","name":"\u0110\u1ea3o San H\u00f4 Pattaya","url":"https:\/\/thecoralislandpattaya.com\/","logo":{"@type":"ImageObject","inLanguage":"vi","@id":"https:\/\/thecoralislandpattaya.com\/#\/schema\/logo\/image\/","url":"https:\/\/thecoralislandpattaya.com\/wp-content\/uploads\/2024\/08\/the-Coral-Island-logo.webp","contentUrl":"https:\/\/thecoralislandpattaya.com\/wp-content\/uploads\/2024\/08\/the-Coral-Island-logo.webp","width":406,"height":73,"caption":"Coral Island Pattaya"},"image":{"@id":"https:\/\/thecoralislandpattaya.com\/#\/schema\/logo\/image\/"}}]}},"_links":{"self":[{"href":"https:\/\/thecoralislandpattaya.com\/vi\/wp-json\/wp\/v2\/pages\/617","targetHints":{"allow":["GET"]}}],"collection":[{"href":"https:\/\/thecoralislandpattaya.com\/vi\/wp-json\/wp\/v2\/pages"}],"about":[{"href":"https:\/\/thecoralislandpattaya.com\/vi\/wp-json\/wp\/v2\/types\/page"}],"author":[{"embeddable":true,"href":"https:\/\/thecoralislandpattaya.com\/vi\/wp-json\/wp\/v2\/users\/1"}],"replies":[{"embeddable":true,"href":"https:\/\/thecoralislandpattaya.com\/vi\/wp-json\/wp\/v2\/comments?post=617"}],"version-history":[{"count":1,"href":"https:\/\/thecoralislandpattaya.com\/vi\/wp-json\/wp\/v2\/pages\/617\/revisions"}],"predecessor-version":[{"id":1366,"href":"https:\/\/thecoralislandpattaya.com\/vi\/wp-json\/wp\/v2\/pages\/617\/revisions\/1366"}],"wp:attachment":[{"href":"https:\/\/thecoralislandpattaya.com\/vi\/wp-json\/wp\/v2\/media?parent=617"}],"curies":[{"name":"wp","href":"https:\/\/api.w.org\/{rel}","templated":true}]}}