{"id":3,"date":"2024-08-27T12:39:40","date_gmt":"2024-08-27T12:39:40","guid":{"rendered":"https:\/\/thecoralislandpattaya.com\/?page_id=3"},"modified":"2026-02-07T17:51:14","modified_gmt":"2026-02-07T12:21:14","slug":"privacy-policy","status":"publish","type":"page","link":"https:\/\/thecoralislandpattaya.com\/pt\/politica-de-privacidade\/","title":{"rendered":"pol\u00edtica de Privacidade"},"content":{"rendered":"<h2 class=\"wp-block-heading has-text-align-center\">pol\u00edtica de Privacidade<\/h2>\n\n\n\n<h4 class=\"wp-block-heading\">Data efetiva: 1 de setembro de 2024<\/h4>\n\n\n\n<p>No <strong>Ingressos para Coral Island<\/strong>, de propriedade e operado por <strong>The Thai Tourism Co., Ltd.<\/strong> (\u201cn\u00f3s,\u201d \u201cnos,\u201d \u201cnosso\u201d), sua privacidade \u00e9 uma prioridade m\u00e1xima. Esta Pol\u00edtica de Privacidade explica como coletamos, usamos, divulgamos e protegemos suas informa\u00e7\u00f5es pessoais quando voc\u00ea visita nosso site, <strong><a href=\"https:\/\/thecoralislandpattaya.com\/pt\/\">https:\/\/thecoralislandpattaya.com\/<\/a><\/strong> (o \u201cSite\u201d) e utilizar nossos servi\u00e7os, incluindo pacotes tur\u00edsticos para Coral Island em Pattaya e Phuket.<\/p>\n\n\n\n<p>Por favor, leia esta Pol\u00edtica de Privacidade cuidadosamente. Ao acessar ou usar nosso Site, voc\u00ea concorda com os termos desta Pol\u00edtica de Privacidade. Se voc\u00ea n\u00e3o concordar, por favor, interrompa o uso do Site.<\/p>\n\n\n\n<h3 class=\"wp-block-heading\">1. <strong>Informa\u00e7\u00f5es que coletamos<\/strong><\/h3>\n\n\n\n<p>Podemos coletar informa\u00e7\u00f5es pessoais e n\u00e3o pessoais sobre voc\u00ea de v\u00e1rias maneiras quando voc\u00ea interage com nosso Site:<\/p>\n\n\n\n<ul class=\"wp-block-list\">\n<li><strong>Informa\u00e7\u00f5es pessoais:<\/strong> Informa\u00e7\u00f5es que voc\u00ea nos fornece voluntariamente, incluindo seu nome, endere\u00e7o de e-mail (como <a>contact@thecoralislandpattaya.com<\/a>), n\u00famero de telefone (por exemplo, n\u00famero do WhatsApp <a href=\"https:\/\/wa.me\/66876366660?text=Hello%20I'm%20interested.%20Could%20you%20please%20help%20me%20with%20information%20related%20to%20Coral%20Island%20Tours%20Packages?%20Thank%20You!\">+66-876366660<\/a>) e detalhes de pagamento.<\/li>\n\n\n\n<li><strong>Informa\u00e7\u00f5es n\u00e3o pessoais:<\/strong> Dados coletados automaticamente, como endere\u00e7o IP, tipo de navegador, informa\u00e7\u00f5es do dispositivo e comportamento de navega\u00e7\u00e3o no Site.<\/li>\n<\/ul>\n\n\n\n<h3 class=\"wp-block-heading\">2. <strong>Como usamos suas informa\u00e7\u00f5es<\/strong><\/h3>\n\n\n\n<p>Usamos as informa\u00e7\u00f5es que coletamos das seguintes maneiras:<\/p>\n\n\n\n<ul class=\"wp-block-list\">\n<li>Para processar e gerenciar suas reservas de passeios na Ilha Coral.<\/li>\n\n\n\n<li>Para responder \u00e0s suas perguntas, incluindo fornecer suporte ao cliente por e-mail ou WhatsApp.<\/li>\n\n\n\n<li>Para melhorar nosso site, produtos e servi\u00e7os com base no comportamento do usu\u00e1rio.<\/li>\n\n\n\n<li>Para comunicar ofertas promocionais e atualiza\u00e7\u00f5es, sujeito ao seu consentimento.<\/li>\n\n\n\n<li>Para cumprir obriga\u00e7\u00f5es legais e proteger contra fraudes ou uso indevido de nossos servi\u00e7os.<\/li>\n<\/ul>\n\n\n\n<h3 class=\"wp-block-heading\">3. <strong>Como compartilhamos suas informa\u00e7\u00f5es<\/strong><\/h3>\n\n\n\n<p>N\u00e3o vendemos ou alugamos suas informa\u00e7\u00f5es pessoais a terceiros. No entanto, podemos compartilhar suas informa\u00e7\u00f5es nas seguintes circunst\u00e2ncias:<\/p>\n\n\n\n<ul class=\"wp-block-list\">\n<li><strong>Prestadores de servi\u00e7os:<\/strong> Com fornecedores terceirizados que nos auxiliam na execu\u00e7\u00e3o de nossas opera\u00e7\u00f5es comerciais (por exemplo, processamento de pagamentos, gerenciamento de reservas) e que s\u00e3o contratualmente obrigados a manter suas informa\u00e7\u00f5es confidenciais.<\/li>\n\n\n\n<li><strong>Obriga\u00e7\u00f5es legais:<\/strong> Se exigido por lei ou em resposta a processos legais, como intima\u00e7\u00f5es, ordens judiciais ou solicita\u00e7\u00f5es de ag\u00eancias governamentais.<\/li>\n\n\n\n<li><strong>Transfer\u00eancias de neg\u00f3cios:<\/strong> No caso de fus\u00e3o, aquisi\u00e7\u00e3o ou venda de todos ou parte de nossos ativos, suas informa\u00e7\u00f5es poder\u00e3o fazer parte dos ativos transferidos.<\/li>\n<\/ul>\n\n\n\n<h3 class=\"wp-block-heading\">4. <strong>Cookies e tecnologias de rastreamento<\/strong><\/h3>\n\n\n\n<p>Podemos usar cookies e tecnologias de rastreamento semelhantes para aprimorar sua experi\u00eancia no Site. Os cookies nos ajudam a entender as prefer\u00eancias do usu\u00e1rio, personalizar o conte\u00fado e analisar o tr\u00e1fego. Voc\u00ea pode gerenciar suas configura\u00e7\u00f5es de cookies por meio do seu navegador; no entanto, desabilitar os cookies pode afetar a funcionalidade do nosso site.<\/p>\n\n\n\n<h3 class=\"wp-block-heading\">5. <strong>Seguran\u00e7a de Dados<\/strong><\/h3>\n\n\n\n<p>Levamos a prote\u00e7\u00e3o de dados a s\u00e9rio e implementamos medidas de seguran\u00e7a apropriadas para proteger suas informa\u00e7\u00f5es pessoais. No entanto, observe que nenhum m\u00e9todo de transmiss\u00e3o de dados pela Internet \u00e9 totalmente seguro, e n\u00e3o podemos garantir seguran\u00e7a absoluta.<\/p>\n\n\n\n<h3 class=\"wp-block-heading\">6. <strong>Seus direitos<\/strong><\/h3>\n\n\n\n<p>Voc\u00ea tem os seguintes direitos em rela\u00e7\u00e3o \u00e0s suas informa\u00e7\u00f5es pessoais:<\/p>\n\n\n\n<ul class=\"wp-block-list\">\n<li><strong>Acesso:<\/strong> Solicite acesso \u00e0s suas informa\u00e7\u00f5es pessoais.<\/li>\n\n\n\n<li><strong>Corre\u00e7\u00e3o:<\/strong> Solicitar a corre\u00e7\u00e3o de qualquer informa\u00e7\u00e3o imprecisa ou incompleta.<\/li>\n\n\n\n<li><strong>Elimina\u00e7\u00e3o:<\/strong> Solicitar a exclus\u00e3o de suas informa\u00e7\u00f5es pessoais, sujeito a certas obriga\u00e7\u00f5es legais.<\/li>\n\n\n\n<li><strong>Retirada do Consentimento:<\/strong> Retire o consentimento para que processemos suas informa\u00e7\u00f5es pessoais a qualquer momento.<\/li>\n<\/ul>\n\n\n\n<p>Para exercer qualquer um desses direitos, entre em contato conosco em <strong><a>contact@thecoralislandpattaya.com<\/a><\/strong>.<\/p>\n\n\n\n<h3 class=\"wp-block-heading\">7. <strong>Links de terceiros<\/strong><\/h3>\n\n\n\n<p>Nosso Site pode conter links para sites ou servi\u00e7os de terceiros. Esta Pol\u00edtica de Privacidade se aplica somente \u00e0s informa\u00e7\u00f5es coletadas por n\u00f3s. N\u00e3o somos respons\u00e1veis pelas pr\u00e1ticas de privacidade de sites de terceiros. N\u00f3s o encorajamos a rever as pol\u00edticas de privacidade de quaisquer sites de terceiros que voc\u00ea visitar.<\/p>\n\n\n\n<h3 class=\"wp-block-heading\">8. <strong>Privacidade das crian\u00e7as<\/strong><\/h3>\n\n\n\n<p>Nossos servi\u00e7os n\u00e3o s\u00e3o destinados a crian\u00e7as menores de 18 anos. N\u00e3o coletamos intencionalmente informa\u00e7\u00f5es pessoais de crian\u00e7as menores de 18 anos. Se tomarmos conhecimento de que coletamos tais informa\u00e7\u00f5es sem o consentimento dos pais, tomaremos medidas para exclu\u00ed-las.<\/p>\n\n\n\n<h3 class=\"wp-block-heading\">9. <strong>Altera\u00e7\u00f5es a esta Pol\u00edtica de Privacidade<\/strong><\/h3>\n\n\n\n<p>Reservamo-nos o direito de atualizar esta Pol\u00edtica de Privacidade a qualquer momento. Quaisquer altera\u00e7\u00f5es ser\u00e3o refletidas nesta p\u00e1gina, e a \u201cData Efetiva\u201d no topo ser\u00e1 atualizada. Incentivamos voc\u00ea a revisar esta pol\u00edtica periodicamente para quaisquer atualiza\u00e7\u00f5es.<\/p>\n\n\n\n<h3 class=\"wp-block-heading\">10. <strong>Contate-nos<\/strong><\/h3>\n\n\n\n<p>Caso tenha alguma d\u00favida ou preocupa\u00e7\u00e3o sobre esta Pol\u00edtica de Privacidade ou nossas pr\u00e1ticas de dados, entre em contato conosco em:<\/p>\n\n\n\n<p><strong>Endere\u00e7o para correspond\u00eancia:<\/strong> The Thai Tourism Co., Ltd<\/p>\n\n\n\n<p><strong>E-mail:<\/strong> <a>contact@thecoralislandpattaya.com<\/a><\/p>\n\n\n\n<p><strong>O que voc\u00ea acha?<\/strong> <a href=\"https:\/\/wa.me\/66876366660?text=Hello%20I'm%20interested.%20Could%20you%20please%20help%20me%20with%20information%20related%20to%20Coral%20Island%20Tours%20Packages?%20Thank%20You!\">+66-876366660<\/a><\/p>\n\n\n\n<h3 class=\"wp-block-heading\">11. <strong>Lei aplic\u00e1vel<\/strong><\/h3>\n\n\n\n<p>Esta Pol\u00edtica de Privacidade e quaisquer disputas relacionadas ao seu uso do nosso Site ser\u00e3o regidas e interpretadas de acordo com as leis da Tail\u00e2ndia, sem levar em conta seus princ\u00edpios de conflito de leis. Quaisquer disputas ou reivindica\u00e7\u00f5es decorrentes ou relacionadas a esta Pol\u00edtica de Privacidade estar\u00e3o sujeitas \u00e0 jurisdi\u00e7\u00e3o exclusiva dos tribunais localizados na Tail\u00e2ndia.<\/p>\n\n\n\n<h3 class=\"wp-block-heading\">12. <strong>Transfer\u00eancias Internacionais de Dados<\/strong><\/h3>\n\n\n\n<p>Como uma empresa global, podemos transferir e processar suas informa\u00e7\u00f5es pessoais em pa\u00edses diferentes do seu. Tomaremos as medidas apropriadas para garantir que seus dados pessoais sejam protegidos de acordo com esta Pol\u00edtica de Privacidade e as leis de prote\u00e7\u00e3o de dados aplic\u00e1veis, incluindo a implementa\u00e7\u00e3o de Cl\u00e1usulas Contratuais Padr\u00e3o ou a confian\u00e7a em outros mecanismos reconhecidos pelas leis aplic\u00e1veis.<\/p>\n\n\n\n<h3 class=\"wp-block-heading\">13. <strong>Reten\u00e7\u00e3o de Dados<\/strong><\/h3>\n\n\n\n<p>Retemos informa\u00e7\u00f5es pessoais pelo tempo necess\u00e1rio para cumprir os prop\u00f3sitos para os quais foram coletadas, a menos que um per\u00edodo de reten\u00e7\u00e3o mais longo seja exigido por lei. Quando suas informa\u00e7\u00f5es pessoais n\u00e3o forem mais necess\u00e1rias, n\u00f3s as excluiremos com seguran\u00e7a ou as tornaremos an\u00f4nimas.<\/p>\n\n\n\n<p>Ao usar <strong>Ingressos para Coral Island<\/strong>, voc\u00ea reconhece e concorda com os termos estabelecidos nesta Pol\u00edtica de Privacidade. Se voc\u00ea tiver mais alguma d\u00favida ou precisar de informa\u00e7\u00f5es adicionais sobre nossas pr\u00e1ticas de privacidade, sinta-se \u00e0 vontade para entrar em contato conosco.<\/p>","protected":false},"excerpt":{"rendered":"<p>Privacy Policy Effective Date: 1 Sep 2024 At Coral Island Tickets, owned and operated by The Thai Tourism Co., Ltd. (&#8220;we,&#8221; &#8220;us,&#8221; &#8220;our&#8221;), your privacy is a top priority. This Privacy Policy explains how we collect, use, disclose, and safeguard your personal information when you visit our website, https:\/\/thecoralislandpattaya.com\/ (the &#8220;Site&#8221;), and utilize our services, [&hellip;]<\/p>\n","protected":false},"author":1,"featured_media":0,"parent":0,"menu_order":0,"comment_status":"closed","ping_status":"open","template":"","meta":{"ocean_post_layout":"","ocean_both_sidebars_style":"","ocean_both_sidebars_content_width":0,"ocean_both_sidebars_sidebars_width":0,"ocean_sidebar":"","ocean_second_sidebar":"","ocean_disable_margins":"enable","ocean_add_body_class":"","ocean_shortcode_before_top_bar":"","ocean_shortcode_after_top_bar":"","ocean_shortcode_before_header":"","ocean_shortcode_after_header":"","ocean_has_shortcode":"","ocean_shortcode_after_title":"","ocean_shortcode_before_footer_widgets":"","ocean_shortcode_after_footer_widgets":"","ocean_shortcode_before_footer_bottom":"","ocean_shortcode_after_footer_bottom":"","ocean_display_top_bar":"default","ocean_display_header":"default","ocean_header_style":"","ocean_center_header_left_menu":"","ocean_custom_header_template":"","ocean_custom_logo":0,"ocean_custom_retina_logo":0,"ocean_custom_logo_max_width":0,"ocean_custom_logo_tablet_max_width":0,"ocean_custom_logo_mobile_max_width":0,"ocean_custom_logo_max_height":0,"ocean_custom_logo_tablet_max_height":0,"ocean_custom_logo_mobile_max_height":0,"ocean_header_custom_menu":"","ocean_menu_typo_font_family":"","ocean_menu_typo_font_subset":"","ocean_menu_typo_font_size":0,"ocean_menu_typo_font_size_tablet":0,"ocean_menu_typo_font_size_mobile":0,"ocean_menu_typo_font_size_unit":"px","ocean_menu_typo_font_weight":"","ocean_menu_typo_font_weight_tablet":"","ocean_menu_typo_font_weight_mobile":"","ocean_menu_typo_transform":"","ocean_menu_typo_transform_tablet":"","ocean_menu_typo_transform_mobile":"","ocean_menu_typo_line_height":0,"ocean_menu_typo_line_height_tablet":0,"ocean_menu_typo_line_height_mobile":0,"ocean_menu_typo_line_height_unit":"","ocean_menu_typo_spacing":0,"ocean_menu_typo_spacing_tablet":0,"ocean_menu_typo_spacing_mobile":0,"ocean_menu_typo_spacing_unit":"","ocean_menu_link_color":"","ocean_menu_link_color_hover":"","ocean_menu_link_color_active":"","ocean_menu_link_background":"","ocean_menu_link_hover_background":"","ocean_menu_link_active_background":"","ocean_menu_social_links_bg":"","ocean_menu_social_hover_links_bg":"","ocean_menu_social_links_color":"","ocean_menu_social_hover_links_color":"","ocean_disable_title":"default","ocean_disable_heading":"default","ocean_post_title":"","ocean_post_subheading":"","ocean_post_title_style":"","ocean_post_title_background_color":"","ocean_post_title_background":0,"ocean_post_title_bg_image_position":"","ocean_post_title_bg_image_attachment":"","ocean_post_title_bg_image_repeat":"","ocean_post_title_bg_image_size":"","ocean_post_title_height":0,"ocean_post_title_bg_overlay":0.5,"ocean_post_title_bg_overlay_color":"","ocean_disable_breadcrumbs":"default","ocean_breadcrumbs_color":"","ocean_breadcrumbs_separator_color":"","ocean_breadcrumbs_links_color":"","ocean_breadcrumbs_links_hover_color":"","ocean_display_footer_widgets":"default","ocean_display_footer_bottom":"default","ocean_custom_footer_template":"","footnotes":""},"class_list":["post-3","page","type-page","status-publish","hentry","entry","owp-thumbs-layout-horizontal","owp-btn-normal","owp-tabs-layout-horizontal","has-no-thumbnails","has-product-nav"],"yoast_head":"<!-- This site is optimized with the Yoast SEO plugin v27.6 - https:\/\/yoast.com\/product\/yoast-seo-wordpress\/ -->\n<title>Privacy Policy | Coral Island Tickets Pattaya And Phuket Packages<\/title>\n<meta name=\"description\" content=\"Explore Coral Island Tickets With Confidence! Read Our Privacy Policy To Learn How We Protect Your Data For A Secure Booking Experience.\" \/>\n<meta name=\"robots\" content=\"index, follow, max-snippet:-1, max-image-preview:large, max-video-preview:-1\" \/>\n<link rel=\"canonical\" href=\"https:\/\/thecoralislandpattaya.com\/pt\/politica-de-privacidade\/\" \/>\n<meta property=\"og:locale\" content=\"pt_PT\" \/>\n<meta property=\"og:type\" content=\"article\" \/>\n<meta property=\"og:title\" content=\"Privacy Policy | Coral Island Tickets Pattaya And Phuket Packages\" \/>\n<meta property=\"og:description\" content=\"Explore Coral Island Tickets With Confidence! Read Our Privacy Policy To Learn How We Protect Your Data For A Secure Booking Experience.\" \/>\n<meta property=\"og:url\" content=\"https:\/\/thecoralislandpattaya.com\/pt\/politica-de-privacidade\/\" \/>\n<meta property=\"og:site_name\" content=\"Coral Island Pattaya\" \/>\n<meta property=\"article:modified_time\" content=\"2026-02-07T12:21:14+00:00\" \/>\n<meta name=\"twitter:card\" content=\"summary_large_image\" \/>\n<meta name=\"twitter:label1\" content=\"Tempo estimado de leitura\" \/>\n\t<meta name=\"twitter:data1\" content=\"4 minutos\" \/>\n<script type=\"application\/ld+json\" class=\"yoast-schema-graph\">{\"@context\":\"https:\\\/\\\/schema.org\",\"@graph\":[{\"@type\":\"WebPage\",\"@id\":\"https:\\\/\\\/thecoralislandpattaya.com\\\/privacy-policy\\\/\",\"url\":\"https:\\\/\\\/thecoralislandpattaya.com\\\/privacy-policy\\\/\",\"name\":\"Privacy Policy | Coral Island Tickets Pattaya And Phuket Packages\",\"isPartOf\":{\"@id\":\"https:\\\/\\\/thecoralislandpattaya.com\\\/#website\"},\"datePublished\":\"2024-08-27T12:39:40+00:00\",\"dateModified\":\"2026-02-07T12:21:14+00:00\",\"description\":\"Explore Coral Island Tickets With Confidence! Read Our Privacy Policy To Learn How We Protect Your Data For A Secure Booking Experience.\",\"breadcrumb\":{\"@id\":\"https:\\\/\\\/thecoralislandpattaya.com\\\/privacy-policy\\\/#breadcrumb\"},\"inLanguage\":\"pt-PT\",\"potentialAction\":[{\"@type\":\"ReadAction\",\"target\":[\"https:\\\/\\\/thecoralislandpattaya.com\\\/privacy-policy\\\/\"]}]},{\"@type\":\"BreadcrumbList\",\"@id\":\"https:\\\/\\\/thecoralislandpattaya.com\\\/privacy-policy\\\/#breadcrumb\",\"itemListElement\":[{\"@type\":\"ListItem\",\"position\":1,\"name\":\"Home\",\"item\":\"https:\\\/\\\/thecoralislandpattaya.com\\\/\"},{\"@type\":\"ListItem\",\"position\":2,\"name\":\"Privacy Policy\"}]},{\"@type\":\"WebSite\",\"@id\":\"https:\\\/\\\/thecoralislandpattaya.com\\\/#website\",\"url\":\"https:\\\/\\\/thecoralislandpattaya.com\\\/\",\"name\":\"Coral Island Pattaya\",\"description\":\"\",\"publisher\":{\"@id\":\"https:\\\/\\\/thecoralislandpattaya.com\\\/#organization\"},\"potentialAction\":[{\"@type\":\"SearchAction\",\"target\":{\"@type\":\"EntryPoint\",\"urlTemplate\":\"https:\\\/\\\/thecoralislandpattaya.com\\\/?s={search_term_string}\"},\"query-input\":{\"@type\":\"PropertyValueSpecification\",\"valueRequired\":true,\"valueName\":\"search_term_string\"}}],\"inLanguage\":\"pt-PT\"},{\"@type\":\"Organization\",\"@id\":\"https:\\\/\\\/thecoralislandpattaya.com\\\/#organization\",\"name\":\"Coral Island Pattaya\",\"url\":\"https:\\\/\\\/thecoralislandpattaya.com\\\/\",\"logo\":{\"@type\":\"ImageObject\",\"inLanguage\":\"pt-PT\",\"@id\":\"https:\\\/\\\/thecoralislandpattaya.com\\\/#\\\/schema\\\/logo\\\/image\\\/\",\"url\":\"https:\\\/\\\/thecoralislandpattaya.com\\\/wp-content\\\/uploads\\\/2024\\\/08\\\/the-Coral-Island-logo.webp\",\"contentUrl\":\"https:\\\/\\\/thecoralislandpattaya.com\\\/wp-content\\\/uploads\\\/2024\\\/08\\\/the-Coral-Island-logo.webp\",\"width\":406,\"height\":73,\"caption\":\"Coral Island Pattaya\"},\"image\":{\"@id\":\"https:\\\/\\\/thecoralislandpattaya.com\\\/#\\\/schema\\\/logo\\\/image\\\/\"}}]}<\/script>\n<!-- \/ Yoast SEO plugin. -->","yoast_head_json":{"title":"Pol\u00edtica de Privacidade | Pacotes Coral Island Tickets Pattaya e Phuket","description":"Explore os ingressos para Coral Island com confian\u00e7a! Leia nossa Pol\u00edtica de Privacidade para saber como protegemos seus dados para uma experi\u00eancia de reserva segura.","robots":{"index":"index","follow":"follow","max-snippet":"max-snippet:-1","max-image-preview":"max-image-preview:large","max-video-preview":"max-video-preview:-1"},"canonical":"https:\/\/thecoralislandpattaya.com\/pt\/politica-de-privacidade\/","og_locale":"pt_PT","og_type":"article","og_title":"Privacy Policy | Coral Island Tickets Pattaya And Phuket Packages","og_description":"Explore Coral Island Tickets With Confidence! Read Our Privacy Policy To Learn How We Protect Your Data For A Secure Booking Experience.","og_url":"https:\/\/thecoralislandpattaya.com\/pt\/politica-de-privacidade\/","og_site_name":"Coral Island Pattaya","article_modified_time":"2026-02-07T12:21:14+00:00","twitter_card":"summary_large_image","twitter_misc":{"Tempo estimado de leitura":"4 minutos"},"schema":{"@context":"https:\/\/schema.org","@graph":[{"@type":"WebPage","@id":"https:\/\/thecoralislandpattaya.com\/privacy-policy\/","url":"https:\/\/thecoralislandpattaya.com\/privacy-policy\/","name":"Pol\u00edtica de Privacidade | Pacotes Coral Island Tickets Pattaya e Phuket","isPartOf":{"@id":"https:\/\/thecoralislandpattaya.com\/#website"},"datePublished":"2024-08-27T12:39:40+00:00","dateModified":"2026-02-07T12:21:14+00:00","description":"Explore os ingressos para Coral Island com confian\u00e7a! Leia nossa Pol\u00edtica de Privacidade para saber como protegemos seus dados para uma experi\u00eancia de reserva segura.","breadcrumb":{"@id":"https:\/\/thecoralislandpattaya.com\/privacy-policy\/#breadcrumb"},"inLanguage":"pt-PT","potentialAction":[{"@type":"ReadAction","target":["https:\/\/thecoralislandpattaya.com\/privacy-policy\/"]}]},{"@type":"BreadcrumbList","@id":"https:\/\/thecoralislandpattaya.com\/privacy-policy\/#breadcrumb","itemListElement":[{"@type":"ListItem","position":1,"name":"Home","item":"https:\/\/thecoralislandpattaya.com\/"},{"@type":"ListItem","position":2,"name":"Privacy Policy"}]},{"@type":"WebSite","@id":"https:\/\/thecoralislandpattaya.com\/#website","url":"https:\/\/thecoralislandpattaya.com\/","name":"Ilha de Coral Pattaya","description":"","publisher":{"@id":"https:\/\/thecoralislandpattaya.com\/#organization"},"potentialAction":[{"@type":"SearchAction","target":{"@type":"EntryPoint","urlTemplate":"https:\/\/thecoralislandpattaya.com\/?s={search_term_string}"},"query-input":{"@type":"PropertyValueSpecification","valueRequired":true,"valueName":"search_term_string"}}],"inLanguage":"pt-PT"},{"@type":"Organization","@id":"https:\/\/thecoralislandpattaya.com\/#organization","name":"Ilha de Coral Pattaya","url":"https:\/\/thecoralislandpattaya.com\/","logo":{"@type":"ImageObject","inLanguage":"pt-PT","@id":"https:\/\/thecoralislandpattaya.com\/#\/schema\/logo\/image\/","url":"https:\/\/thecoralislandpattaya.com\/wp-content\/uploads\/2024\/08\/the-Coral-Island-logo.webp","contentUrl":"https:\/\/thecoralislandpattaya.com\/wp-content\/uploads\/2024\/08\/the-Coral-Island-logo.webp","width":406,"height":73,"caption":"Coral Island Pattaya"},"image":{"@id":"https:\/\/thecoralislandpattaya.com\/#\/schema\/logo\/image\/"}}]}},"_links":{"self":[{"href":"https:\/\/thecoralislandpattaya.com\/pt\/wp-json\/wp\/v2\/pages\/3","targetHints":{"allow":["GET"]}}],"collection":[{"href":"https:\/\/thecoralislandpattaya.com\/pt\/wp-json\/wp\/v2\/pages"}],"about":[{"href":"https:\/\/thecoralislandpattaya.com\/pt\/wp-json\/wp\/v2\/types\/page"}],"author":[{"embeddable":true,"href":"https:\/\/thecoralislandpattaya.com\/pt\/wp-json\/wp\/v2\/users\/1"}],"replies":[{"embeddable":true,"href":"https:\/\/thecoralislandpattaya.com\/pt\/wp-json\/wp\/v2\/comments?post=3"}],"version-history":[{"count":1,"href":"https:\/\/thecoralislandpattaya.com\/pt\/wp-json\/wp\/v2\/pages\/3\/revisions"}],"predecessor-version":[{"id":1367,"href":"https:\/\/thecoralislandpattaya.com\/pt\/wp-json\/wp\/v2\/pages\/3\/revisions\/1367"}],"wp:attachment":[{"href":"https:\/\/thecoralislandpattaya.com\/pt\/wp-json\/wp\/v2\/media?parent=3"}],"curies":[{"name":"wp","href":"https:\/\/api.w.org\/{rel}","templated":true}]}}