{"id":1244,"date":"2026-02-05T16:31:46","date_gmt":"2026-02-05T11:01:46","guid":{"rendered":"https:\/\/thecoralislandpattaya.com\/?post_type=product&#038;p=1244"},"modified":"2026-02-13T14:54:36","modified_gmt":"2026-02-13T09:24:36","slug":"coral-island-tour-speed-boat-hotel-transfer-indian-buffet-lunch-parasailing-jet-ski-undersea-walk-banana-boat-snorkeling","status":"publish","type":"product","link":"https:\/\/thecoralislandpattaya.com\/fr\/tours\/excursion-sur-lile-corallienne-en-hors-bord-transfert-hotel-dejeuner-buffet-indien-parachute-ascensionnel-jet-ski-marche-sous-marine-banane-tractee-plongee-avec-tuba\/","title":{"rendered":"Coral Island Tour &#8211; Speed Boat + Hotel Transfer + Indian Buffet Lunch\u200b + Parasailing + Jet Ski + Undersea Walk + Banana Boat + Snorkeling"},"content":{"rendered":"<h2 class=\"description-h2332\"><strong>About Coral Island (Koh Larn) Day Tour By Speed Boat Pattaya:<\/strong><\/h2>\n<p class=\"p-34763\">Coral Island, also known as Koh Larn, is a beautiful tropical paradise located just a 45-minute boat ride from Pattaya Pier. As the largest of Pattaya\u2019s nearby islands, it is surrounded by pristine white-sand beaches and crystal-clear turquoise waters. The island\u2019s lush green hills and well-maintained walking paths offer breathtaking views of the Pattaya coastline.<\/p>\n<p>This guided day tour takes you from your hotel in Pattaya to the pier, followed by a comfortable 45-minute boat journey to Koh Larn, where you can enjoy a perfect balance of relaxation and adventure. Spend your day sunbathing on the beach, swimming in the sea, snorkeling among colorful marine life, or enjoying exciting water sports such as waterskiing, parasailing, and windsurfing. Guests can also enjoy a delicious Thai lunch at a beachfront open-air restaurant while relaxing with stunning ocean views.<\/p>\n<p>&nbsp;<\/p>\n<h2 class=\"description-h2332\"><strong>Instant Booking Confirmation<br \/>\n<\/strong><\/h2>\n<p>&nbsp;<\/p>\n<table class=\"Shuttle-Van-table638\">\n<tbody>\n<tr class=\"Shuttle-Van-tr\">\n<th class=\"Shuttle-Van-th\">Pick Up Time<\/th>\n<th class=\"Shuttle-Van-th\">Return Time<\/th>\n<\/tr>\n<tr class=\"Shuttle-Van-tr\">\n<td class=\"Shuttle-Van-td\">09:00 AM &#8211; 10:00 AM<\/td>\n<td class=\"Shuttle-Van-td\">03:00 PM &#8211; 04:00 PM<\/td>\n<\/tr>\n<\/tbody>\n<\/table>\n<p>&nbsp;<\/p>\n<table class=\"description-table\">\n<tbody>\n<tr class=\"description-tr\">\n<th class=\"description-th\">Lunch Time<\/th>\n<\/tr>\n<tr class=\"description-tr\">\n<td class=\"description-td12\">02:00 PM To 03:00 PM (Beachside Restaurant)<\/td>\n<\/tr>\n<\/tbody>\n<\/table>\n<p>&nbsp;<\/p>\n<table class=\"description-table\" style=\"font-size: 16px;\">\n<tbody>\n<tr class=\"description-tr\">\n<th class=\"description-th\">What To Bring<\/th>\n<\/tr>\n<tr class=\"description-tr\">\n<td class=\"description-td12\">Swimwear, Shorts &amp; T-Shirt, Beach Towel, Sunscreen, Sun Hat, Slippers, Sunglasses, Camera, Waterproof Phone Cover, Personal Medicines, Extra Clothes<\/td>\n<\/tr>\n<\/tbody>\n<\/table>\n<p>&nbsp;<\/p>\n<h2 class=\"description-h286\"><strong>Children Policy <\/strong><\/h2>\n<table class=\"Shuttle-Van-table\">\n<tbody>\n<tr class=\"Shuttle-Van-tr\">\n<th class=\"Shuttle-Van-th\"><strong class=\"description-strong67\">Infants<\/strong><\/th>\n<th class=\"Shuttle-Van-th\"><strong class=\"description-strong67\">Children<\/strong><\/th>\n<\/tr>\n<tr class=\"Shuttle-Van-tr\">\n<td class=\"Shuttle-Van-td\">Height 0 &#8211; 79 cm. (Free of Charge, No Seat)<\/td>\n<td class=\"Shuttle-Van-td\">Height 80 &#8211; 120 cm. (Special Child Rate)<\/td>\n<\/tr>\n<\/tbody>\n<\/table>\n<p class=\"234\">Guests with height 121 cm or above will be charged at the adult rate and will receive full tour benefits.<\/p>\n<p>&nbsp;<\/p>\n<table class=\"description-table452\">\n<tbody class=\"tabel364\">\n<tr class=\"description-tr32r\">\n<th class=\"description-th\">\n<h2 class=\"description-h2435\"><strong class=\"description-strong67\">Same-day bookings must be confirmed before 11:00 AM.<\/strong><\/h2>\n<\/th>\n<\/tr>\n<\/tbody>\n<\/table>\n<h2><\/h2>\n<h2 class=\"description-h2332DW\"><strong>What&#8217;s INCLUDED And EXCLUDED<\/strong><\/h2>\n<p>&nbsp;<\/p>\n<table class=\"description-table\">\n<tbody>\n<tr class=\"description-tr\">\n<th class=\"description-th\">Included<\/th>\n<th class=\"description-th\">Excluded<\/th>\n<\/tr>\n<tr class=\"description-tr\">\n<td class=\"description-td\">Round-trip Speed Boat Transfer to Coral Island (Koh Larn)<\/td>\n<td class=\"description-td\">\n<div class=\"col-md-8 col-xl-7\">\n<div class=\"w-100 position-relative p-2\">\n<div class=\"row p-2 inclusionw\">\n<div class=\"col-md-6 shadow-soft bg-white rounded col-xl-6 border\">\n<p>&nbsp;<\/p>\n<\/div>\n<\/div>\n<\/div>\n<\/div>\n<\/td>\n<\/tr>\n<tr class=\"description-tr\">\n<td class=\"description-td\">Indian &amp; Thai Set Lunch with Soft Drinks<\/td>\n<td class=\"description-td\"><\/td>\n<\/tr>\n<tr class=\"description-tr\">\n<td class=\"description-td\">Snorkeling Equipment, Safety Jacket &amp; Instructor Support<\/td>\n<td class=\"description-td\"><\/td>\n<\/tr>\n<tr class=\"description-tr\">\n<td class=\"description-td\">Parasailing Experience with Professional Staff<\/td>\n<td class=\"description-td\"><\/td>\n<\/tr>\n<tr class=\"description-tr\">\n<td class=\"description-td\">Undersea Walk with Photo &amp; Video Drive Link<\/td>\n<td class=\"description-td\"><\/td>\n<\/tr>\n<tr class=\"description-tr\">\n<td class=\"description-td\">Jet Ski Ride at Koh Larn Beach Area<\/td>\n<td class=\"description-td\"><\/td>\n<\/tr>\n<tr class=\"description-tr\">\n<td class=\"description-td\">Banana Boat Ride (Group Activity)<\/td>\n<td class=\"description-td\"><\/td>\n<\/tr>\n<tr class=\"description-tr\">\n<td class=\"description-td\">Group Shuttle Van Return Transfer from Pattaya Hotel<\/td>\n<td class=\"description-td\"><\/td>\n<\/tr>\n<\/tbody>\n<\/table>\n<p>&nbsp;<\/p>\n<table class=\"description-table\">\n<tbody>\n<tr class=\"description-tr56\">\n<th class=\"description-th56\">\n<h2 class=\"description-h2T\"><strong>Shuttle Van Policy<\/strong><\/h2>\n<\/th>\n<\/tr>\n<tr class=\"description-tr\">\n<td class=\"description-td\">\n<p style=\"text-align: center;\"><strong>Pick-up and drop-off will only take place from the hotel lobby in Pattaya The driver will wait just 5 minutes in the hotel lobby In case of any delay or no-show, the customer will not get any amount of refund<\/strong><\/p>\n<\/td>\n<\/tr>\n<\/tbody>\n<\/table>\n<table class=\"Shuttle-Van-table638\">\n<tbody>\n<tr class=\"Shuttle-Van-tr\">\n<th class=\"Shuttle-Van-th\">Pick Up Time<\/th>\n<th class=\"Shuttle-Van-th\">Return Time<\/th>\n<\/tr>\n<tr class=\"Shuttle-Van-tr\">\n<td class=\"Shuttle-Van-td\">09:00 AM &#8211; 10:00 AM<\/td>\n<td class=\"Shuttle-Van-td\">03:00 PM &#8211; 04:00 PM<\/td>\n<\/tr>\n<\/tbody>\n<\/table>\n<p>&nbsp;<\/p>\n<table class=\"description-table\">\n<tbody>\n<tr class=\"description-tr\">\n<th class=\"description-th\">\n<h2 class=\"description-h23\"><strong class=\"description-strong67\">Refund and Cancellation Policy<\/strong><\/h2>\n<\/th>\n<\/tr>\n<tr class=\"description-tr\">\n<td class=\"description-td\"><strong>Free cancellation is available up to 48 hours before the scheduled tour date. Cancellations made within 48 hours of departure time are non-refundable. In case of bad weather or government restrictions, an alternative date or refund may be offered. Vouchers and tickets are non-transferable and cannot be exchanged.<\/strong><\/td>\n<\/tr>\n<\/tbody>\n<\/table>\n<div><\/div>\n<div class=\"coupon-code\">\n<table class=\"description-table452\">\n<tbody class=\"tabel364\">\n<tr class=\"description-tr32r\">\n<th class=\"description-th\">\n<h2 class=\"description-h23\"><strong class=\"description-strong67\">Customer Support :<\/strong><\/h2>\n<\/th>\n<\/tr>\n<tr class=\"description-tr\">\n<td class=\"description-td-203\"><strong> <a href=\"https:\/\/wa.me\/66876366660?text=Hello!%20I'm%20interested.%20Could%20you%20please%20provide%20more%20information%20or%20assist%20me%3F%20Thank%20you%21\" target=\"_blank\" rel=\"noopener\">+66-876366660<\/a> (WhatsApp Available 24\/7)<\/strong><\/td>\n<\/tr>\n<\/tbody>\n<\/table>\n<\/div>\n<p>&nbsp;<\/p>","protected":false},"excerpt":{"rendered":"<table class=\"short-description\">\n<tbody class=\"tabel364\">\n<tr class=\"short-description-tr32r\">\n<th class=\"short-description-th\"><span class=\"description-h23\"><strong class=\"description-strong67\">Must Book Before 11 AM For Same-Day Booking.<\/strong><\/span><\/th>\n<\/tr>\n<\/tbody>\n<\/table>","protected":false},"featured_media":1254,"comment_status":"open","ping_status":"closed","template":"","meta":{"ocean_post_layout":"","ocean_both_sidebars_style":"","ocean_both_sidebars_content_width":0,"ocean_both_sidebars_sidebars_width":0,"ocean_sidebar":"0","ocean_second_sidebar":"0","ocean_disable_margins":"enable","ocean_add_body_class":"","ocean_shortcode_before_top_bar":"","ocean_shortcode_after_top_bar":"","ocean_shortcode_before_header":"","ocean_shortcode_after_header":"","ocean_has_shortcode":"","ocean_shortcode_after_title":"","ocean_shortcode_before_footer_widgets":"","ocean_shortcode_after_footer_widgets":"","ocean_shortcode_before_footer_bottom":"","ocean_shortcode_after_footer_bottom":"","ocean_display_top_bar":"default","ocean_display_header":"default","ocean_header_style":"","ocean_center_header_left_menu":"0","ocean_custom_header_template":"0","ocean_custom_logo":0,"ocean_custom_retina_logo":0,"ocean_custom_logo_max_width":0,"ocean_custom_logo_tablet_max_width":0,"ocean_custom_logo_mobile_max_width":0,"ocean_custom_logo_max_height":0,"ocean_custom_logo_tablet_max_height":0,"ocean_custom_logo_mobile_max_height":0,"ocean_header_custom_menu":"0","ocean_menu_typo_font_family":"0","ocean_menu_typo_font_subset":"","ocean_menu_typo_font_size":0,"ocean_menu_typo_font_size_tablet":0,"ocean_menu_typo_font_size_mobile":0,"ocean_menu_typo_font_size_unit":"px","ocean_menu_typo_font_weight":"","ocean_menu_typo_font_weight_tablet":"","ocean_menu_typo_font_weight_mobile":"","ocean_menu_typo_transform":"","ocean_menu_typo_transform_tablet":"","ocean_menu_typo_transform_mobile":"","ocean_menu_typo_line_height":0,"ocean_menu_typo_line_height_tablet":0,"ocean_menu_typo_line_height_mobile":0,"ocean_menu_typo_line_height_unit":"","ocean_menu_typo_spacing":0,"ocean_menu_typo_spacing_tablet":0,"ocean_menu_typo_spacing_mobile":0,"ocean_menu_typo_spacing_unit":"","ocean_menu_link_color":"","ocean_menu_link_color_hover":"","ocean_menu_link_color_active":"","ocean_menu_link_background":"","ocean_menu_link_hover_background":"","ocean_menu_link_active_background":"","ocean_menu_social_links_bg":"","ocean_menu_social_hover_links_bg":"","ocean_menu_social_links_color":"","ocean_menu_social_hover_links_color":"","ocean_disable_title":"default","ocean_disable_heading":"default","ocean_post_title":"","ocean_post_subheading":"","ocean_post_title_style":"","ocean_post_title_background_color":"","ocean_post_title_background":0,"ocean_post_title_bg_image_position":"","ocean_post_title_bg_image_attachment":"","ocean_post_title_bg_image_repeat":"","ocean_post_title_bg_image_size":"","ocean_post_title_height":0,"ocean_post_title_bg_overlay":0.5,"ocean_post_title_bg_overlay_color":"","ocean_disable_breadcrumbs":"default","ocean_breadcrumbs_color":"","ocean_breadcrumbs_separator_color":"","ocean_breadcrumbs_links_color":"","ocean_breadcrumbs_links_hover_color":"","ocean_display_footer_widgets":"default","ocean_display_footer_bottom":"default","ocean_custom_footer_template":"0"},"product_brand":[],"product_cat":[21],"product_tag":[22,23,24,25,26,27,28,29,30,31,32,33,34,35,36,37,38,39,40,41,42,43,44,45,46,47,48,49,50,51,52,53],"class_list":{"0":"post-1244","1":"product","2":"type-product","3":"status-publish","4":"has-post-thumbnail","6":"product_cat-sightseeing","7":"product_tag-book-coral-island","8":"product_tag-book-the-coral-island","9":"product_tag-coral-island","10":"product_tag-coral-island-book","11":"product_tag-coral-island-booking","12":"product_tag-coral-island-pattaya","13":"product_tag-coral-island-pattaya-activities-price","14":"product_tag-coral-island-pattaya-booking","15":"product_tag-coral-island-pattaya-cost","16":"product_tag-coral-island-pattaya-entry-fee","17":"product_tag-coral-island-pattaya-klook","18":"product_tag-coral-island-pattaya-package","19":"product_tag-coral-island-pattaya-parasailing","20":"product_tag-coral-island-pattaya-price","21":"product_tag-coral-island-pattaya-snorkeling","22":"product_tag-coral-island-pattaya-speed-boat","23":"product_tag-coral-island-pattaya-ticket-price","24":"product_tag-coral-island-pattaya-tour-package","25":"product_tag-coral-island-pattaya-water-activities-price","26":"product_tag-coral-island-pattaya-water-sports","27":"product_tag-coral-island-thailand-pattaya","28":"product_tag-coral-island-ticket-pattaya","29":"product_tag-coral-island-tour-at-pattaya","30":"product_tag-coral-island-tour-pattaya","31":"product_tag-coral-island-tour-pattaya-price","32":"product_tag-coral-island-tour-with-lunch-pattaya","33":"product_tag-coral-island-trip-pattaya","34":"product_tag-half-day-coral-island-tour-pattaya","35":"product_tag-parasailing-in-pattaya-thailand","36":"product_tag-pattaya","37":"product_tag-pattaya-scuba-diving-price","38":"product_tag-pattaya-to-coral-island-ferry-price","40":"entry","41":"has-media","42":"tm-has-options","44":"first","45":"instock","46":"virtual","47":"purchasable","48":"product-type-simple","49":"has-product-nav","50":"col","51":"span_1_of_3","52":"owp-content-center","53":"owp-thumbs-layout-horizontal","54":"owp-btn-normal","55":"owp-tabs-layout-horizontal"},"yoast_head":"<!-- This site is optimized with the Yoast SEO plugin v27.4 - https:\/\/yoast.com\/product\/yoast-seo-wordpress\/ -->\n<title>Coral Island Pattaya Tour | Parasailing, Sea Walk, Snorkeling &amp; Indian Lunch<\/title>\n<meta name=\"description\" content=\"Book Coral Island Tour in Pattaya with speedboat, parasailing, jet ski, underwater sea walk, banana boat, snorkeling, Indian buffet lunch &amp; hotel transfer. Best price. Reserve now!\" \/>\n<meta name=\"robots\" content=\"index, follow, max-snippet:-1, max-image-preview:large, max-video-preview:-1\" \/>\n<link rel=\"canonical\" href=\"https:\/\/thecoralislandpattaya.com\/fr\/tours\/excursion-sur-lile-corallienne-en-hors-bord-transfert-hotel-dejeuner-buffet-indien-parachute-ascensionnel-jet-ski-marche-sous-marine-banane-tractee-plongee-avec-tuba\/\" \/>\n<meta property=\"og:locale\" content=\"fr_FR\" \/>\n<meta property=\"og:type\" content=\"article\" \/>\n<meta property=\"og:title\" content=\"Coral Island Pattaya Tour | Parasailing, Sea Walk, Snorkeling &amp; Indian Lunch\" \/>\n<meta property=\"og:description\" content=\"Book Coral Island Tour in Pattaya with speedboat, parasailing, jet ski, underwater sea walk, banana boat, snorkeling, Indian buffet lunch &amp; hotel transfer. Best price. Reserve now!\" \/>\n<meta property=\"og:url\" content=\"https:\/\/thecoralislandpattaya.com\/fr\/tours\/excursion-sur-lile-corallienne-en-hors-bord-transfert-hotel-dejeuner-buffet-indien-parachute-ascensionnel-jet-ski-marche-sous-marine-banane-tractee-plongee-avec-tuba\/\" \/>\n<meta property=\"og:site_name\" content=\"Coral Island Pattaya\" \/>\n<meta property=\"article:modified_time\" content=\"2026-02-13T09:24:36+00:00\" \/>\n<meta property=\"og:image\" content=\"https:\/\/thecoralislandpattaya.com\/wp-content\/uploads\/2026\/02\/New-Project-2024-07-06T131218.471.webp\" \/>\n\t<meta property=\"og:image:width\" content=\"1280\" \/>\n\t<meta property=\"og:image:height\" content=\"720\" \/>\n\t<meta property=\"og:image:type\" content=\"image\/webp\" \/>\n<meta name=\"twitter:card\" content=\"summary_large_image\" \/>\n<meta name=\"twitter:label1\" content=\"Dur\u00e9e de lecture estim\u00e9e\" \/>\n\t<meta name=\"twitter:data1\" content=\"3 minutes\" \/>\n<script type=\"application\/ld+json\" class=\"yoast-schema-graph\">{\"@context\":\"https:\\\/\\\/schema.org\",\"@graph\":[{\"@type\":\"WebPage\",\"@id\":\"https:\\\/\\\/thecoralislandpattaya.com\\\/tours\\\/coral-island-tour-speed-boat-hotel-transfer-indian-buffet-lunch-parasailing-jet-ski-undersea-walk-banana-boat-snorkeling\\\/\",\"url\":\"https:\\\/\\\/thecoralislandpattaya.com\\\/tours\\\/coral-island-tour-speed-boat-hotel-transfer-indian-buffet-lunch-parasailing-jet-ski-undersea-walk-banana-boat-snorkeling\\\/\",\"name\":\"Coral Island Pattaya Tour | Parasailing, Sea Walk, Snorkeling & Indian Lunch\",\"isPartOf\":{\"@id\":\"https:\\\/\\\/thecoralislandpattaya.com\\\/#website\"},\"primaryImageOfPage\":{\"@id\":\"https:\\\/\\\/thecoralislandpattaya.com\\\/tours\\\/coral-island-tour-speed-boat-hotel-transfer-indian-buffet-lunch-parasailing-jet-ski-undersea-walk-banana-boat-snorkeling\\\/#primaryimage\"},\"image\":{\"@id\":\"https:\\\/\\\/thecoralislandpattaya.com\\\/tours\\\/coral-island-tour-speed-boat-hotel-transfer-indian-buffet-lunch-parasailing-jet-ski-undersea-walk-banana-boat-snorkeling\\\/#primaryimage\"},\"thumbnailUrl\":\"https:\\\/\\\/thecoralislandpattaya.com\\\/wp-content\\\/uploads\\\/2026\\\/02\\\/New-Project-2024-07-06T131218.471.webp\",\"datePublished\":\"2026-02-05T11:01:46+00:00\",\"dateModified\":\"2026-02-13T09:24:36+00:00\",\"description\":\"Book Coral Island Tour in Pattaya with speedboat, parasailing, jet ski, underwater sea walk, banana boat, snorkeling, Indian buffet lunch & hotel transfer. Best price. Reserve now!\",\"breadcrumb\":{\"@id\":\"https:\\\/\\\/thecoralislandpattaya.com\\\/tours\\\/coral-island-tour-speed-boat-hotel-transfer-indian-buffet-lunch-parasailing-jet-ski-undersea-walk-banana-boat-snorkeling\\\/#breadcrumb\"},\"inLanguage\":\"fr-FR\",\"potentialAction\":[{\"@type\":\"ReadAction\",\"target\":[\"https:\\\/\\\/thecoralislandpattaya.com\\\/tours\\\/coral-island-tour-speed-boat-hotel-transfer-indian-buffet-lunch-parasailing-jet-ski-undersea-walk-banana-boat-snorkeling\\\/\"]}]},{\"@type\":\"ImageObject\",\"inLanguage\":\"fr-FR\",\"@id\":\"https:\\\/\\\/thecoralislandpattaya.com\\\/tours\\\/coral-island-tour-speed-boat-hotel-transfer-indian-buffet-lunch-parasailing-jet-ski-undersea-walk-banana-boat-snorkeling\\\/#primaryimage\",\"url\":\"https:\\\/\\\/thecoralislandpattaya.com\\\/wp-content\\\/uploads\\\/2026\\\/02\\\/New-Project-2024-07-06T131218.471.webp\",\"contentUrl\":\"https:\\\/\\\/thecoralislandpattaya.com\\\/wp-content\\\/uploads\\\/2026\\\/02\\\/New-Project-2024-07-06T131218.471.webp\",\"width\":1280,\"height\":720},{\"@type\":\"BreadcrumbList\",\"@id\":\"https:\\\/\\\/thecoralislandpattaya.com\\\/tours\\\/coral-island-tour-speed-boat-hotel-transfer-indian-buffet-lunch-parasailing-jet-ski-undersea-walk-banana-boat-snorkeling\\\/#breadcrumb\",\"itemListElement\":[{\"@type\":\"ListItem\",\"position\":1,\"name\":\"Home\",\"item\":\"https:\\\/\\\/thecoralislandpattaya.com\\\/\"},{\"@type\":\"ListItem\",\"position\":2,\"name\":\"Shop\",\"item\":\"https:\\\/\\\/thecoralislandpattaya.com\\\/shop\\\/\"},{\"@type\":\"ListItem\",\"position\":3,\"name\":\"Coral Island Tour &#8211; Speed Boat + Hotel Transfer + Indian Buffet Lunch\u200b + Parasailing + Jet Ski + Undersea Walk + Banana Boat + Snorkeling\"}]},{\"@type\":\"WebSite\",\"@id\":\"https:\\\/\\\/thecoralislandpattaya.com\\\/#website\",\"url\":\"https:\\\/\\\/thecoralislandpattaya.com\\\/\",\"name\":\"Coral Island Pattaya\",\"description\":\"\",\"publisher\":{\"@id\":\"https:\\\/\\\/thecoralislandpattaya.com\\\/#organization\"},\"potentialAction\":[{\"@type\":\"SearchAction\",\"target\":{\"@type\":\"EntryPoint\",\"urlTemplate\":\"https:\\\/\\\/thecoralislandpattaya.com\\\/?s={search_term_string}\"},\"query-input\":{\"@type\":\"PropertyValueSpecification\",\"valueRequired\":true,\"valueName\":\"search_term_string\"}}],\"inLanguage\":\"fr-FR\"},{\"@type\":\"Organization\",\"@id\":\"https:\\\/\\\/thecoralislandpattaya.com\\\/#organization\",\"name\":\"Coral Island Pattaya\",\"url\":\"https:\\\/\\\/thecoralislandpattaya.com\\\/\",\"logo\":{\"@type\":\"ImageObject\",\"inLanguage\":\"fr-FR\",\"@id\":\"https:\\\/\\\/thecoralislandpattaya.com\\\/#\\\/schema\\\/logo\\\/image\\\/\",\"url\":\"https:\\\/\\\/thecoralislandpattaya.com\\\/wp-content\\\/uploads\\\/2024\\\/08\\\/the-Coral-Island-logo.webp\",\"contentUrl\":\"https:\\\/\\\/thecoralislandpattaya.com\\\/wp-content\\\/uploads\\\/2024\\\/08\\\/the-Coral-Island-logo.webp\",\"width\":406,\"height\":73,\"caption\":\"Coral Island Pattaya\"},\"image\":{\"@id\":\"https:\\\/\\\/thecoralislandpattaya.com\\\/#\\\/schema\\\/logo\\\/image\\\/\"}}]}<\/script>\n<!-- \/ Yoast SEO plugin. -->","yoast_head_json":{"title":"Excursion \u00e0 Coral Island Pattaya | Parachute ascensionnel, marche sous-marine, plong\u00e9e avec tuba et d\u00e9jeuner indien","description":"Book Coral Island Tour in Pattaya with speedboat, parasailing, jet ski, underwater sea walk, banana boat, snorkeling, Indian buffet lunch & hotel transfer. Best price. Reserve now!","robots":{"index":"index","follow":"follow","max-snippet":"max-snippet:-1","max-image-preview":"max-image-preview:large","max-video-preview":"max-video-preview:-1"},"canonical":"https:\/\/thecoralislandpattaya.com\/fr\/tours\/excursion-sur-lile-corallienne-en-hors-bord-transfert-hotel-dejeuner-buffet-indien-parachute-ascensionnel-jet-ski-marche-sous-marine-banane-tractee-plongee-avec-tuba\/","og_locale":"fr_FR","og_type":"article","og_title":"Coral Island Pattaya Tour | Parasailing, Sea Walk, Snorkeling & Indian Lunch","og_description":"Book Coral Island Tour in Pattaya with speedboat, parasailing, jet ski, underwater sea walk, banana boat, snorkeling, Indian buffet lunch & hotel transfer. Best price. Reserve now!","og_url":"https:\/\/thecoralislandpattaya.com\/fr\/tours\/excursion-sur-lile-corallienne-en-hors-bord-transfert-hotel-dejeuner-buffet-indien-parachute-ascensionnel-jet-ski-marche-sous-marine-banane-tractee-plongee-avec-tuba\/","og_site_name":"Coral Island Pattaya","article_modified_time":"2026-02-13T09:24:36+00:00","og_image":[{"width":1280,"height":720,"url":"https:\/\/thecoralislandpattaya.com\/wp-content\/uploads\/2026\/02\/New-Project-2024-07-06T131218.471.webp","type":"image\/webp"}],"twitter_card":"summary_large_image","twitter_misc":{"Dur\u00e9e de lecture estim\u00e9e":"3 minutes"},"schema":{"@context":"https:\/\/schema.org","@graph":[{"@type":"WebPage","@id":"https:\/\/thecoralislandpattaya.com\/tours\/coral-island-tour-speed-boat-hotel-transfer-indian-buffet-lunch-parasailing-jet-ski-undersea-walk-banana-boat-snorkeling\/","url":"https:\/\/thecoralislandpattaya.com\/tours\/coral-island-tour-speed-boat-hotel-transfer-indian-buffet-lunch-parasailing-jet-ski-undersea-walk-banana-boat-snorkeling\/","name":"Excursion \u00e0 Coral Island Pattaya | Parachute ascensionnel, marche sous-marine, plong\u00e9e avec tuba et d\u00e9jeuner indien","isPartOf":{"@id":"https:\/\/thecoralislandpattaya.com\/#website"},"primaryImageOfPage":{"@id":"https:\/\/thecoralislandpattaya.com\/tours\/coral-island-tour-speed-boat-hotel-transfer-indian-buffet-lunch-parasailing-jet-ski-undersea-walk-banana-boat-snorkeling\/#primaryimage"},"image":{"@id":"https:\/\/thecoralislandpattaya.com\/tours\/coral-island-tour-speed-boat-hotel-transfer-indian-buffet-lunch-parasailing-jet-ski-undersea-walk-banana-boat-snorkeling\/#primaryimage"},"thumbnailUrl":"https:\/\/thecoralislandpattaya.com\/wp-content\/uploads\/2026\/02\/New-Project-2024-07-06T131218.471.webp","datePublished":"2026-02-05T11:01:46+00:00","dateModified":"2026-02-13T09:24:36+00:00","description":"Book Coral Island Tour in Pattaya with speedboat, parasailing, jet ski, underwater sea walk, banana boat, snorkeling, Indian buffet lunch & hotel transfer. Best price. Reserve now!","breadcrumb":{"@id":"https:\/\/thecoralislandpattaya.com\/tours\/coral-island-tour-speed-boat-hotel-transfer-indian-buffet-lunch-parasailing-jet-ski-undersea-walk-banana-boat-snorkeling\/#breadcrumb"},"inLanguage":"fr-FR","potentialAction":[{"@type":"ReadAction","target":["https:\/\/thecoralislandpattaya.com\/tours\/coral-island-tour-speed-boat-hotel-transfer-indian-buffet-lunch-parasailing-jet-ski-undersea-walk-banana-boat-snorkeling\/"]}]},{"@type":"ImageObject","inLanguage":"fr-FR","@id":"https:\/\/thecoralislandpattaya.com\/tours\/coral-island-tour-speed-boat-hotel-transfer-indian-buffet-lunch-parasailing-jet-ski-undersea-walk-banana-boat-snorkeling\/#primaryimage","url":"https:\/\/thecoralislandpattaya.com\/wp-content\/uploads\/2026\/02\/New-Project-2024-07-06T131218.471.webp","contentUrl":"https:\/\/thecoralislandpattaya.com\/wp-content\/uploads\/2026\/02\/New-Project-2024-07-06T131218.471.webp","width":1280,"height":720},{"@type":"BreadcrumbList","@id":"https:\/\/thecoralislandpattaya.com\/tours\/coral-island-tour-speed-boat-hotel-transfer-indian-buffet-lunch-parasailing-jet-ski-undersea-walk-banana-boat-snorkeling\/#breadcrumb","itemListElement":[{"@type":"ListItem","position":1,"name":"Home","item":"https:\/\/thecoralislandpattaya.com\/"},{"@type":"ListItem","position":2,"name":"Shop","item":"https:\/\/thecoralislandpattaya.com\/shop\/"},{"@type":"ListItem","position":3,"name":"Coral Island Tour &#8211; Speed Boat + Hotel Transfer + Indian Buffet Lunch\u200b + Parasailing + Jet Ski + Undersea Walk + Banana Boat + Snorkeling"}]},{"@type":"WebSite","@id":"https:\/\/thecoralislandpattaya.com\/#website","url":"https:\/\/thecoralislandpattaya.com\/","name":"\u00cele de corail de Pattaya","description":"","publisher":{"@id":"https:\/\/thecoralislandpattaya.com\/#organization"},"potentialAction":[{"@type":"SearchAction","target":{"@type":"EntryPoint","urlTemplate":"https:\/\/thecoralislandpattaya.com\/?s={search_term_string}"},"query-input":{"@type":"PropertyValueSpecification","valueRequired":true,"valueName":"search_term_string"}}],"inLanguage":"fr-FR"},{"@type":"Organization","@id":"https:\/\/thecoralislandpattaya.com\/#organization","name":"\u00cele de corail de Pattaya","url":"https:\/\/thecoralislandpattaya.com\/","logo":{"@type":"ImageObject","inLanguage":"fr-FR","@id":"https:\/\/thecoralislandpattaya.com\/#\/schema\/logo\/image\/","url":"https:\/\/thecoralislandpattaya.com\/wp-content\/uploads\/2024\/08\/the-Coral-Island-logo.webp","contentUrl":"https:\/\/thecoralislandpattaya.com\/wp-content\/uploads\/2024\/08\/the-Coral-Island-logo.webp","width":406,"height":73,"caption":"Coral Island Pattaya"},"image":{"@id":"https:\/\/thecoralislandpattaya.com\/#\/schema\/logo\/image\/"}}]}},"_links":{"self":[{"href":"https:\/\/thecoralislandpattaya.com\/fr\/wp-json\/wp\/v2\/product\/1244","targetHints":{"allow":["GET"]}}],"collection":[{"href":"https:\/\/thecoralislandpattaya.com\/fr\/wp-json\/wp\/v2\/product"}],"about":[{"href":"https:\/\/thecoralislandpattaya.com\/fr\/wp-json\/wp\/v2\/types\/product"}],"replies":[{"embeddable":true,"href":"https:\/\/thecoralislandpattaya.com\/fr\/wp-json\/wp\/v2\/comments?post=1244"}],"wp:featuredmedia":[{"embeddable":true,"href":"https:\/\/thecoralislandpattaya.com\/fr\/wp-json\/wp\/v2\/media\/1254"}],"wp:attachment":[{"href":"https:\/\/thecoralislandpattaya.com\/fr\/wp-json\/wp\/v2\/media?parent=1244"}],"wp:term":[{"taxonomy":"product_brand","embeddable":true,"href":"https:\/\/thecoralislandpattaya.com\/fr\/wp-json\/wp\/v2\/product_brand?post=1244"},{"taxonomy":"product_cat","embeddable":true,"href":"https:\/\/thecoralislandpattaya.com\/fr\/wp-json\/wp\/v2\/product_cat?post=1244"},{"taxonomy":"product_tag","embeddable":true,"href":"https:\/\/thecoralislandpattaya.com\/fr\/wp-json\/wp\/v2\/product_tag?post=1244"}],"curies":[{"name":"wp","href":"https:\/\/api.w.org\/{rel}","templated":true}]}}