{"id":3,"date":"2024-08-27T12:39:40","date_gmt":"2024-08-27T12:39:40","guid":{"rendered":"https:\/\/thecoralislandpattaya.com\/?page_id=3"},"modified":"2026-02-07T17:51:14","modified_gmt":"2026-02-07T12:21:14","slug":"privacy-policy","status":"publish","type":"page","link":"https:\/\/thecoralislandpattaya.com\/fr\/politique-de-confidentialite\/","title":{"rendered":"politique de confidentialit\u00e9"},"content":{"rendered":"<h2 class=\"wp-block-heading has-text-align-center\">politique de confidentialit\u00e9<\/h2>\n\n\n\n<h4 class=\"wp-block-heading\">Date d&#039;entr\u00e9e en vigueur : 1er septembre 2024<\/h4>\n\n\n\n<p>\u00c0 <strong>Billets pour l&#039;\u00eele de corail<\/strong>, d\u00e9tenu et exploit\u00e9 par <strong>The Thai Tourism Co., Ltd.<\/strong> (\u00ab nous \u00bb, \u00ab nos \u00bb, \u00ab notre \u00bb), votre vie priv\u00e9e est une priorit\u00e9 absolue. Cette politique de confidentialit\u00e9 explique comment nous collectons, utilisons, divulguons et prot\u00e9geons vos informations personnelles lorsque vous visitez notre site Web, <strong><a href=\"https:\/\/thecoralislandpattaya.com\/fr\/\">https:\/\/thecoralislandpattaya.com\/<\/a><\/strong> (le \u00ab Site \u00bb) et utilisez nos services, y compris les forfaits touristiques de Coral Island \u00e0 Pattaya et Phuket.<\/p>\n\n\n\n<p>Veuillez lire attentivement cette politique de confidentialit\u00e9. En acc\u00e9dant \u00e0 notre site ou en l&#039;utilisant, vous acceptez les termes de cette politique de confidentialit\u00e9. Si vous n&#039;\u00eates pas d&#039;accord, veuillez cesser d&#039;utiliser le site.<\/p>\n\n\n\n<h3 class=\"wp-block-heading\">1. <strong>Informations que nous collectons<\/strong><\/h3>\n\n\n\n<p>Nous pouvons collecter des informations personnelles et non personnelles vous concernant de plusieurs mani\u00e8res lorsque vous interagissez avec notre Site :<\/p>\n\n\n\n<ul class=\"wp-block-list\">\n<li><strong>Renseignements personnels :<\/strong> Les informations que vous nous fournissez volontairement, y compris votre nom, votre adresse e-mail (telle que <a>contact@thecoralislandpattaya.com<\/a>), num\u00e9ro de t\u00e9l\u00e9phone (par exemple, num\u00e9ro WhatsApp <a href=\"https:\/\/wa.me\/66876366660?text=Hello%20I'm%20interested.%20Could%20you%20please%20help%20me%20with%20information%20related%20to%20Coral%20Island%20Tours%20Packages?%20Thank%20You!\">+66-876366660<\/a>) et les d\u00e9tails de paiement.<\/li>\n\n\n\n<li><strong>Informations non personnelles :<\/strong> Donn\u00e9es collect\u00e9es automatiquement telles que l&#039;adresse IP, le type de navigateur, les informations sur l&#039;appareil et le comportement de navigation sur le Site.<\/li>\n<\/ul>\n\n\n\n<h3 class=\"wp-block-heading\">2. <strong>Comment nous utilisons vos informations<\/strong><\/h3>\n\n\n\n<p>Nous utilisons les informations que nous collectons des mani\u00e8res suivantes :<\/p>\n\n\n\n<ul class=\"wp-block-list\">\n<li>Pour traiter et g\u00e9rer vos r\u00e9servations de visites de Coral Island.<\/li>\n\n\n\n<li>Pour r\u00e9pondre \u00e0 vos demandes, notamment en fournissant un support client par e-mail ou WhatsApp.<\/li>\n\n\n\n<li>Pour am\u00e9liorer notre site Web, nos produits et nos services en fonction du comportement des utilisateurs.<\/li>\n\n\n\n<li>Pour communiquer des offres promotionnelles et des mises \u00e0 jour, sous r\u00e9serve de votre consentement.<\/li>\n\n\n\n<li>Pour se conformer aux obligations l\u00e9gales et se prot\u00e9ger contre la fraude ou l\u2019utilisation abusive de nos services.<\/li>\n<\/ul>\n\n\n\n<h3 class=\"wp-block-heading\">3. <strong>Comment nous partageons vos informations<\/strong><\/h3>\n\n\n\n<p>Nous ne vendons ni ne louons vos informations personnelles \u00e0 des tiers. Cependant, nous pouvons partager vos informations dans les circonstances suivantes :<\/p>\n\n\n\n<ul class=\"wp-block-list\">\n<li><strong>Fournisseurs de services :<\/strong> Avec des fournisseurs tiers qui nous aident \u00e0 g\u00e9rer nos op\u00e9rations commerciales (par exemple, le traitement des paiements, la gestion des r\u00e9servations) et qui sont contractuellement tenus de garder vos informations confidentielles.<\/li>\n\n\n\n<li><strong>Obligations l\u00e9gales :<\/strong> Si la loi l\u2019exige ou en r\u00e9ponse \u00e0 des proc\u00e9dures judiciaires telles que des assignations \u00e0 compara\u00eetre, des ordonnances judiciaires ou des demandes d\u2019agences gouvernementales.<\/li>\n\n\n\n<li><strong>Cessions d&#039;entreprises :<\/strong> En cas de fusion, d\u2019acquisition ou de vente de tout ou partie de nos actifs, vos informations peuvent faire partie des actifs transf\u00e9r\u00e9s.<\/li>\n<\/ul>\n\n\n\n<h3 class=\"wp-block-heading\">4. <strong>Cookies et technologies de suivi<\/strong><\/h3>\n\n\n\n<p>Nous pouvons utiliser des cookies et des technologies de suivi similaires pour am\u00e9liorer votre exp\u00e9rience sur le Site. Les cookies nous aident \u00e0 comprendre les pr\u00e9f\u00e9rences des utilisateurs, \u00e0 personnaliser le contenu et \u00e0 analyser le trafic. Vous pouvez g\u00e9rer vos param\u00e8tres de cookies via votre navigateur ; cependant, la d\u00e9sactivation des cookies peut affecter la fonctionnalit\u00e9 de notre site Web.<\/p>\n\n\n\n<h3 class=\"wp-block-heading\">5. <strong>S\u00e9curit\u00e9 des donn\u00e9es<\/strong><\/h3>\n\n\n\n<p>Nous prenons la protection des donn\u00e9es au s\u00e9rieux et mettons en \u0153uvre des mesures de s\u00e9curit\u00e9 appropri\u00e9es pour prot\u00e9ger vos informations personnelles. Cependant, veuillez noter qu&#039;aucune m\u00e9thode de transmission de donn\u00e9es sur Internet n&#039;est enti\u00e8rement s\u00fbre et que nous ne pouvons pas garantir une s\u00e9curit\u00e9 absolue.<\/p>\n\n\n\n<h3 class=\"wp-block-heading\">6. <strong>Vos droits<\/strong><\/h3>\n\n\n\n<p>Vous disposez des droits suivants concernant vos informations personnelles :<\/p>\n\n\n\n<ul class=\"wp-block-list\">\n<li><strong>Acc\u00e9der:<\/strong> Demandez l&#039;acc\u00e8s \u00e0 vos informations personnelles.<\/li>\n\n\n\n<li><strong>Correction:<\/strong> Demander la correction de toute information inexacte ou incompl\u00e8te.<\/li>\n\n\n\n<li><strong>Effacement:<\/strong> Demander la suppression de vos informations personnelles, sous r\u00e9serve de certaines obligations l\u00e9gales.<\/li>\n\n\n\n<li><strong>Retrait du consentement :<\/strong> Retirez \u00e0 tout moment votre consentement au traitement de vos informations personnelles.<\/li>\n<\/ul>\n\n\n\n<p>Pour exercer l&#039;un de ces droits, veuillez nous contacter \u00e0 <strong><a>contact@thecoralislandpattaya.com<\/a><\/strong>.<\/p>\n\n\n\n<h3 class=\"wp-block-heading\">7. <strong>Liens vers des sites tiers<\/strong><\/h3>\n\n\n\n<p>Notre site peut contenir des liens vers des sites Web ou des services tiers. Cette politique de confidentialit\u00e9 s&#039;applique uniquement aux informations que nous collectons. Nous ne sommes pas responsables des pratiques de confidentialit\u00e9 des sites tiers. Nous vous encourageons \u00e0 consulter les politiques de confidentialit\u00e9 de tout site tiers que vous visitez.<\/p>\n\n\n\n<h3 class=\"wp-block-heading\">8. <strong>Confidentialit\u00e9 des enfants<\/strong><\/h3>\n\n\n\n<p>Nos services ne sont pas destin\u00e9s aux enfants de moins de 18 ans. Nous ne collectons pas sciemment d&#039;informations personnelles aupr\u00e8s d&#039;enfants de moins de 18 ans. Si nous apprenons que nous avons collect\u00e9 de telles informations sans le consentement des parents, nous prendrons des mesures pour les supprimer.<\/p>\n\n\n\n<h3 class=\"wp-block-heading\">9. <strong>Modifications apport\u00e9es \u00e0 la pr\u00e9sente politique de confidentialit\u00e9<\/strong><\/h3>\n\n\n\n<p>Nous nous r\u00e9servons le droit de mettre \u00e0 jour cette politique de confidentialit\u00e9 \u00e0 tout moment. Tout changement sera refl\u00e9t\u00e9 sur cette page et la \u00ab date d&#039;entr\u00e9e en vigueur \u00bb en haut sera mise \u00e0 jour. Nous vous encourageons \u00e0 consulter r\u00e9guli\u00e8rement cette politique pour prendre connaissance des \u00e9ventuelles mises \u00e0 jour.<\/p>\n\n\n\n<h3 class=\"wp-block-heading\">10. <strong>Contactez-nous<\/strong><\/h3>\n\n\n\n<p>Si vous avez des questions ou des pr\u00e9occupations concernant cette politique de confidentialit\u00e9 ou nos pratiques en mati\u00e8re de donn\u00e9es, veuillez nous contacter \u00e0 l&#039;adresse suivante :<\/p>\n\n\n\n<p><strong>Adresse postale:<\/strong> The Thai Tourism Co., Ltd<\/p>\n\n\n\n<p><strong>E-mail:<\/strong> <a>contact@thecoralislandpattaya.com<\/a><\/p>\n\n\n\n<p><strong>WhatsApp:<\/strong> <a href=\"https:\/\/wa.me\/66876366660?text=Hello%20I'm%20interested.%20Could%20you%20please%20help%20me%20with%20information%20related%20to%20Coral%20Island%20Tours%20Packages?%20Thank%20You!\">+66-876366660<\/a><\/p>\n\n\n\n<h3 class=\"wp-block-heading\">11. <strong>Loi applicable<\/strong><\/h3>\n\n\n\n<p>La pr\u00e9sente politique de confidentialit\u00e9 et tout litige relatif \u00e0 votre utilisation de notre site seront r\u00e9gis et interpr\u00e9t\u00e9s conform\u00e9ment aux lois de la Tha\u00eflande, sans \u00e9gard \u00e0 ses principes de conflit de lois. Tout litige ou r\u00e9clamation d\u00e9coulant de ou en rapport avec la pr\u00e9sente politique de confidentialit\u00e9 sera soumis \u00e0 la juridiction exclusive des tribunaux situ\u00e9s en Tha\u00eflande.<\/p>\n\n\n\n<h3 class=\"wp-block-heading\">12. <strong>Transferts internationaux de donn\u00e9es<\/strong><\/h3>\n\n\n\n<p>En tant qu&#039;entreprise internationale, nous pouvons transf\u00e9rer et traiter vos informations personnelles dans des pays autres que le v\u00f4tre. Nous prendrons les mesures appropri\u00e9es pour garantir que vos donn\u00e9es personnelles sont prot\u00e9g\u00e9es conform\u00e9ment \u00e0 la pr\u00e9sente politique de confidentialit\u00e9 et aux lois applicables en mati\u00e8re de protection des donn\u00e9es, notamment en mettant en \u0153uvre des clauses contractuelles types ou en nous appuyant sur d&#039;autres m\u00e9canismes reconnus par les lois applicables.<\/p>\n\n\n\n<h3 class=\"wp-block-heading\">13. <strong>Conservation des donn\u00e9es<\/strong><\/h3>\n\n\n\n<p>Nous conservons les informations personnelles aussi longtemps que n\u00e9cessaire pour atteindre les objectifs pour lesquels elles ont \u00e9t\u00e9 collect\u00e9es, \u00e0 moins qu&#039;une p\u00e9riode de conservation plus longue ne soit requise par la loi. Une fois que vos informations personnelles ne sont plus n\u00e9cessaires, nous les supprimerons ou les rendrons anonymes en toute s\u00e9curit\u00e9.<\/p>\n\n\n\n<p>En utilisant <strong>Billets pour l&#039;\u00eele de corail<\/strong>, vous reconnaissez et acceptez les conditions \u00e9nonc\u00e9es dans la pr\u00e9sente politique de confidentialit\u00e9. Si vous avez d&#039;autres questions ou si vous avez besoin d&#039;informations suppl\u00e9mentaires sur nos pratiques en mati\u00e8re de confidentialit\u00e9, n&#039;h\u00e9sitez pas \u00e0 nous contacter.<\/p>","protected":false},"excerpt":{"rendered":"<p>Privacy Policy Effective Date: 1 Sep 2024 At Coral Island Tickets, owned and operated by The Thai Tourism Co., Ltd. (&#8220;we,&#8221; &#8220;us,&#8221; &#8220;our&#8221;), your privacy is a top priority. This Privacy Policy explains how we collect, use, disclose, and safeguard your personal information when you visit our website, https:\/\/thecoralislandpattaya.com\/ (the &#8220;Site&#8221;), and utilize our services, [&hellip;]<\/p>\n","protected":false},"author":1,"featured_media":0,"parent":0,"menu_order":0,"comment_status":"closed","ping_status":"open","template":"","meta":{"ocean_post_layout":"","ocean_both_sidebars_style":"","ocean_both_sidebars_content_width":0,"ocean_both_sidebars_sidebars_width":0,"ocean_sidebar":"","ocean_second_sidebar":"","ocean_disable_margins":"enable","ocean_add_body_class":"","ocean_shortcode_before_top_bar":"","ocean_shortcode_after_top_bar":"","ocean_shortcode_before_header":"","ocean_shortcode_after_header":"","ocean_has_shortcode":"","ocean_shortcode_after_title":"","ocean_shortcode_before_footer_widgets":"","ocean_shortcode_after_footer_widgets":"","ocean_shortcode_before_footer_bottom":"","ocean_shortcode_after_footer_bottom":"","ocean_display_top_bar":"default","ocean_display_header":"default","ocean_header_style":"","ocean_center_header_left_menu":"","ocean_custom_header_template":"","ocean_custom_logo":0,"ocean_custom_retina_logo":0,"ocean_custom_logo_max_width":0,"ocean_custom_logo_tablet_max_width":0,"ocean_custom_logo_mobile_max_width":0,"ocean_custom_logo_max_height":0,"ocean_custom_logo_tablet_max_height":0,"ocean_custom_logo_mobile_max_height":0,"ocean_header_custom_menu":"","ocean_menu_typo_font_family":"","ocean_menu_typo_font_subset":"","ocean_menu_typo_font_size":0,"ocean_menu_typo_font_size_tablet":0,"ocean_menu_typo_font_size_mobile":0,"ocean_menu_typo_font_size_unit":"px","ocean_menu_typo_font_weight":"","ocean_menu_typo_font_weight_tablet":"","ocean_menu_typo_font_weight_mobile":"","ocean_menu_typo_transform":"","ocean_menu_typo_transform_tablet":"","ocean_menu_typo_transform_mobile":"","ocean_menu_typo_line_height":0,"ocean_menu_typo_line_height_tablet":0,"ocean_menu_typo_line_height_mobile":0,"ocean_menu_typo_line_height_unit":"","ocean_menu_typo_spacing":0,"ocean_menu_typo_spacing_tablet":0,"ocean_menu_typo_spacing_mobile":0,"ocean_menu_typo_spacing_unit":"","ocean_menu_link_color":"","ocean_menu_link_color_hover":"","ocean_menu_link_color_active":"","ocean_menu_link_background":"","ocean_menu_link_hover_background":"","ocean_menu_link_active_background":"","ocean_menu_social_links_bg":"","ocean_menu_social_hover_links_bg":"","ocean_menu_social_links_color":"","ocean_menu_social_hover_links_color":"","ocean_disable_title":"default","ocean_disable_heading":"default","ocean_post_title":"","ocean_post_subheading":"","ocean_post_title_style":"","ocean_post_title_background_color":"","ocean_post_title_background":0,"ocean_post_title_bg_image_position":"","ocean_post_title_bg_image_attachment":"","ocean_post_title_bg_image_repeat":"","ocean_post_title_bg_image_size":"","ocean_post_title_height":0,"ocean_post_title_bg_overlay":0.5,"ocean_post_title_bg_overlay_color":"","ocean_disable_breadcrumbs":"default","ocean_breadcrumbs_color":"","ocean_breadcrumbs_separator_color":"","ocean_breadcrumbs_links_color":"","ocean_breadcrumbs_links_hover_color":"","ocean_display_footer_widgets":"default","ocean_display_footer_bottom":"default","ocean_custom_footer_template":"","footnotes":""},"class_list":["post-3","page","type-page","status-publish","hentry","entry","owp-thumbs-layout-horizontal","owp-btn-normal","owp-tabs-layout-horizontal","has-no-thumbnails","has-product-nav"],"yoast_head":"<!-- This site is optimized with the Yoast SEO plugin v27.4 - https:\/\/yoast.com\/product\/yoast-seo-wordpress\/ -->\n<title>Privacy Policy | Coral Island Tickets Pattaya And Phuket Packages<\/title>\n<meta name=\"description\" content=\"Explore Coral Island Tickets With Confidence! Read Our Privacy Policy To Learn How We Protect Your Data For A Secure Booking Experience.\" \/>\n<meta name=\"robots\" content=\"index, follow, max-snippet:-1, max-image-preview:large, max-video-preview:-1\" \/>\n<link rel=\"canonical\" href=\"https:\/\/thecoralislandpattaya.com\/fr\/politique-de-confidentialite\/\" \/>\n<meta property=\"og:locale\" content=\"fr_FR\" \/>\n<meta property=\"og:type\" content=\"article\" \/>\n<meta property=\"og:title\" content=\"Privacy Policy | Coral Island Tickets Pattaya And Phuket Packages\" \/>\n<meta property=\"og:description\" content=\"Explore Coral Island Tickets With Confidence! Read Our Privacy Policy To Learn How We Protect Your Data For A Secure Booking Experience.\" \/>\n<meta property=\"og:url\" content=\"https:\/\/thecoralislandpattaya.com\/fr\/politique-de-confidentialite\/\" \/>\n<meta property=\"og:site_name\" content=\"Coral Island Pattaya\" \/>\n<meta property=\"article:modified_time\" content=\"2026-02-07T12:21:14+00:00\" \/>\n<meta name=\"twitter:card\" content=\"summary_large_image\" \/>\n<meta name=\"twitter:label1\" content=\"Dur\u00e9e de lecture estim\u00e9e\" \/>\n\t<meta name=\"twitter:data1\" content=\"4 minutes\" \/>\n<script type=\"application\/ld+json\" class=\"yoast-schema-graph\">{\"@context\":\"https:\\\/\\\/schema.org\",\"@graph\":[{\"@type\":\"WebPage\",\"@id\":\"https:\\\/\\\/thecoralislandpattaya.com\\\/privacy-policy\\\/\",\"url\":\"https:\\\/\\\/thecoralislandpattaya.com\\\/privacy-policy\\\/\",\"name\":\"Privacy Policy | Coral Island Tickets Pattaya And Phuket Packages\",\"isPartOf\":{\"@id\":\"https:\\\/\\\/thecoralislandpattaya.com\\\/#website\"},\"datePublished\":\"2024-08-27T12:39:40+00:00\",\"dateModified\":\"2026-02-07T12:21:14+00:00\",\"description\":\"Explore Coral Island Tickets With Confidence! Read Our Privacy Policy To Learn How We Protect Your Data For A Secure Booking Experience.\",\"breadcrumb\":{\"@id\":\"https:\\\/\\\/thecoralislandpattaya.com\\\/privacy-policy\\\/#breadcrumb\"},\"inLanguage\":\"fr-FR\",\"potentialAction\":[{\"@type\":\"ReadAction\",\"target\":[\"https:\\\/\\\/thecoralislandpattaya.com\\\/privacy-policy\\\/\"]}]},{\"@type\":\"BreadcrumbList\",\"@id\":\"https:\\\/\\\/thecoralislandpattaya.com\\\/privacy-policy\\\/#breadcrumb\",\"itemListElement\":[{\"@type\":\"ListItem\",\"position\":1,\"name\":\"Home\",\"item\":\"https:\\\/\\\/thecoralislandpattaya.com\\\/\"},{\"@type\":\"ListItem\",\"position\":2,\"name\":\"Privacy Policy\"}]},{\"@type\":\"WebSite\",\"@id\":\"https:\\\/\\\/thecoralislandpattaya.com\\\/#website\",\"url\":\"https:\\\/\\\/thecoralislandpattaya.com\\\/\",\"name\":\"Coral Island Pattaya\",\"description\":\"\",\"publisher\":{\"@id\":\"https:\\\/\\\/thecoralislandpattaya.com\\\/#organization\"},\"potentialAction\":[{\"@type\":\"SearchAction\",\"target\":{\"@type\":\"EntryPoint\",\"urlTemplate\":\"https:\\\/\\\/thecoralislandpattaya.com\\\/?s={search_term_string}\"},\"query-input\":{\"@type\":\"PropertyValueSpecification\",\"valueRequired\":true,\"valueName\":\"search_term_string\"}}],\"inLanguage\":\"fr-FR\"},{\"@type\":\"Organization\",\"@id\":\"https:\\\/\\\/thecoralislandpattaya.com\\\/#organization\",\"name\":\"Coral Island Pattaya\",\"url\":\"https:\\\/\\\/thecoralislandpattaya.com\\\/\",\"logo\":{\"@type\":\"ImageObject\",\"inLanguage\":\"fr-FR\",\"@id\":\"https:\\\/\\\/thecoralislandpattaya.com\\\/#\\\/schema\\\/logo\\\/image\\\/\",\"url\":\"https:\\\/\\\/thecoralislandpattaya.com\\\/wp-content\\\/uploads\\\/2024\\\/08\\\/the-Coral-Island-logo.webp\",\"contentUrl\":\"https:\\\/\\\/thecoralislandpattaya.com\\\/wp-content\\\/uploads\\\/2024\\\/08\\\/the-Coral-Island-logo.webp\",\"width\":406,\"height\":73,\"caption\":\"Coral Island Pattaya\"},\"image\":{\"@id\":\"https:\\\/\\\/thecoralislandpattaya.com\\\/#\\\/schema\\\/logo\\\/image\\\/\"}}]}<\/script>\n<!-- \/ Yoast SEO plugin. -->","yoast_head_json":{"title":"Politique de confidentialit\u00e9 | Billets pour Coral Island, forfaits Pattaya et Phuket","description":"Explorez les billets pour Coral Island en toute confiance\u00a0! Lisez notre politique de confidentialit\u00e9 pour savoir comment nous prot\u00e9geons vos donn\u00e9es pour une exp\u00e9rience de r\u00e9servation s\u00e9curis\u00e9e.","robots":{"index":"index","follow":"follow","max-snippet":"max-snippet:-1","max-image-preview":"max-image-preview:large","max-video-preview":"max-video-preview:-1"},"canonical":"https:\/\/thecoralislandpattaya.com\/fr\/politique-de-confidentialite\/","og_locale":"fr_FR","og_type":"article","og_title":"Privacy Policy | Coral Island Tickets Pattaya And Phuket Packages","og_description":"Explore Coral Island Tickets With Confidence! Read Our Privacy Policy To Learn How We Protect Your Data For A Secure Booking Experience.","og_url":"https:\/\/thecoralislandpattaya.com\/fr\/politique-de-confidentialite\/","og_site_name":"Coral Island Pattaya","article_modified_time":"2026-02-07T12:21:14+00:00","twitter_card":"summary_large_image","twitter_misc":{"Dur\u00e9e de lecture estim\u00e9e":"4 minutes"},"schema":{"@context":"https:\/\/schema.org","@graph":[{"@type":"WebPage","@id":"https:\/\/thecoralislandpattaya.com\/privacy-policy\/","url":"https:\/\/thecoralislandpattaya.com\/privacy-policy\/","name":"Politique de confidentialit\u00e9 | Billets pour Coral Island, forfaits Pattaya et Phuket","isPartOf":{"@id":"https:\/\/thecoralislandpattaya.com\/#website"},"datePublished":"2024-08-27T12:39:40+00:00","dateModified":"2026-02-07T12:21:14+00:00","description":"Explorez les billets pour Coral Island en toute confiance\u00a0! Lisez notre politique de confidentialit\u00e9 pour savoir comment nous prot\u00e9geons vos donn\u00e9es pour une exp\u00e9rience de r\u00e9servation s\u00e9curis\u00e9e.","breadcrumb":{"@id":"https:\/\/thecoralislandpattaya.com\/privacy-policy\/#breadcrumb"},"inLanguage":"fr-FR","potentialAction":[{"@type":"ReadAction","target":["https:\/\/thecoralislandpattaya.com\/privacy-policy\/"]}]},{"@type":"BreadcrumbList","@id":"https:\/\/thecoralislandpattaya.com\/privacy-policy\/#breadcrumb","itemListElement":[{"@type":"ListItem","position":1,"name":"Home","item":"https:\/\/thecoralislandpattaya.com\/"},{"@type":"ListItem","position":2,"name":"Privacy Policy"}]},{"@type":"WebSite","@id":"https:\/\/thecoralislandpattaya.com\/#website","url":"https:\/\/thecoralislandpattaya.com\/","name":"\u00cele de corail de Pattaya","description":"","publisher":{"@id":"https:\/\/thecoralislandpattaya.com\/#organization"},"potentialAction":[{"@type":"SearchAction","target":{"@type":"EntryPoint","urlTemplate":"https:\/\/thecoralislandpattaya.com\/?s={search_term_string}"},"query-input":{"@type":"PropertyValueSpecification","valueRequired":true,"valueName":"search_term_string"}}],"inLanguage":"fr-FR"},{"@type":"Organization","@id":"https:\/\/thecoralislandpattaya.com\/#organization","name":"\u00cele de corail de Pattaya","url":"https:\/\/thecoralislandpattaya.com\/","logo":{"@type":"ImageObject","inLanguage":"fr-FR","@id":"https:\/\/thecoralislandpattaya.com\/#\/schema\/logo\/image\/","url":"https:\/\/thecoralislandpattaya.com\/wp-content\/uploads\/2024\/08\/the-Coral-Island-logo.webp","contentUrl":"https:\/\/thecoralislandpattaya.com\/wp-content\/uploads\/2024\/08\/the-Coral-Island-logo.webp","width":406,"height":73,"caption":"Coral Island Pattaya"},"image":{"@id":"https:\/\/thecoralislandpattaya.com\/#\/schema\/logo\/image\/"}}]}},"_links":{"self":[{"href":"https:\/\/thecoralislandpattaya.com\/fr\/wp-json\/wp\/v2\/pages\/3","targetHints":{"allow":["GET"]}}],"collection":[{"href":"https:\/\/thecoralislandpattaya.com\/fr\/wp-json\/wp\/v2\/pages"}],"about":[{"href":"https:\/\/thecoralislandpattaya.com\/fr\/wp-json\/wp\/v2\/types\/page"}],"author":[{"embeddable":true,"href":"https:\/\/thecoralislandpattaya.com\/fr\/wp-json\/wp\/v2\/users\/1"}],"replies":[{"embeddable":true,"href":"https:\/\/thecoralislandpattaya.com\/fr\/wp-json\/wp\/v2\/comments?post=3"}],"version-history":[{"count":1,"href":"https:\/\/thecoralislandpattaya.com\/fr\/wp-json\/wp\/v2\/pages\/3\/revisions"}],"predecessor-version":[{"id":1367,"href":"https:\/\/thecoralislandpattaya.com\/fr\/wp-json\/wp\/v2\/pages\/3\/revisions\/1367"}],"wp:attachment":[{"href":"https:\/\/thecoralislandpattaya.com\/fr\/wp-json\/wp\/v2\/media?parent=3"}],"curies":[{"name":"wp","href":"https:\/\/api.w.org\/{rel}","templated":true}]}}