{"id":617,"date":"2024-09-04T16:21:40","date_gmt":"2024-09-04T10:51:40","guid":{"rendered":"https:\/\/thecoralislandpattaya.com\/?page_id=617"},"modified":"2026-02-07T17:49:19","modified_gmt":"2026-02-07T12:19:19","slug":"company-details","status":"publish","type":"page","link":"https:\/\/thecoralislandpattaya.com\/es\/detalles-de-la-empresa\/","title":{"rendered":"Datos de la empresa"},"content":{"rendered":"<h2 class=\"wp-block-heading has-text-align-center\">Datos de la empresa<\/h2>\n\n\n\n<p>Bienvenido a <strong><a href=\"https:\/\/thecoralislandpattaya.com\/es\/\">Isla Coral de Pattaya<\/a><\/strong>, su principal destino para reservar paquetes tur\u00edsticos exclusivos de Coral Island en Pattaya y Phuket. Nuestra plataforma es propiedad de y est\u00e1 operada por <strong>The Thai Tourism Co., Ltd.<\/strong>, un nombre confiable en la industria del turismo de Tailandia a trav\u00e9s de nuestra empresa matriz, <strong>El turismo tailand\u00e9s<\/strong> (<a href=\"https:\/\/thethaitourism.com\/\">thethaitourism.com<\/a>).<\/p>\n\n\n\n<p>En Coral Island Pattaya, nos dedicamos a brindar a los visitantes las mejores experiencias tur\u00edsticas, ofreciendo paquetes cuidadosamente seleccionados que incluyen excursiones a la playa, deportes acu\u00e1ticos y aventuras en la isla en la famosa Coral Island.<\/p>\n\n\n\n<h3 class=\"wp-block-heading\"><strong>nombre de empresa<\/strong><\/h3>\n\n\n\n<p>The Thai Tourism Co., Ltd.<br><a href=\"https:\/\/thethaitourism.com\">https:\/\/thethaitourism.com<\/a><\/p>\n\n\n\n<h3 class=\"wp-block-heading\"><strong>Sitio web<\/strong><\/h3>\n\n\n\n<p><strong>Isla Coral de Pattaya<\/strong><br><a href=\"https:\/\/thecoralislandpattaya.com\/es\/\">https:\/\/thecoralislandpattaya.com<\/a><\/p>\n\n\n\n<h3 class=\"wp-block-heading\"><strong>Informaci\u00f3n del contacto<\/strong><\/h3>\n\n\n\n<ul class=\"wp-block-list\">\n<li><strong>Correo electr\u00f3nico<\/strong>: <a>contact@thecoralislandpattaya.com<\/a><\/li>\n\n\n\n<li><strong>WhatsApp<\/strong>: <a href=\"https:\/\/wa.me\/66876366660?text=Hello%20I'm%20interested.%20Could%20you%20please%20help%20me%20with%20information%20related%20to%20Coral%20Island%20Tours%20Packages?%20Thank%20You!\">+66-876366660<\/a><\/li>\n<\/ul>\n\n\n\n<h3 class=\"wp-block-heading\"><strong>Servicios ofrecidos<\/strong><\/h3>\n\n\n\n<p>Coral Island Pattaya se especializa en ofrecer paquetes tur\u00edsticos integrales para:<\/p>\n\n\n\n<ul class=\"wp-block-list\">\n<li><strong><a href=\"https:\/\/thecoralislandpattaya.com\/es\/\">Isla Coral de Pattaya<\/a><\/strong>:Disfrute de playas v\u00edrgenes, deportes acu\u00e1ticos y exploraci\u00f3n de islas.<\/li>\n<\/ul>\n\n\n\n<p>Nuestra misi\u00f3n es brindar una experiencia de reserva sin inconvenientes para los turistas que buscan lo mejor de Coral Island. Con un servicio al cliente excepcional, transacciones seguras y paquetes tur\u00edsticos dise\u00f1ados por expertos, nuestro objetivo es hacer que su viaje a Coral Island sea inolvidable.<\/p>\n\n\n\n<h3 class=\"wp-block-heading\"><strong>Registro de empresas<\/strong><\/h3>\n\n\n\n<p>The Thai Tourism Co., Ltd. is fully registered and licensed under Thai law. We pride ourselves on transparency, professionalism, and adhering to the highest standards in the tourism industry.<\/p>\n\n\n\n<p>Para cualquier consulta o informaci\u00f3n adicional sobre nuestra empresa, servicios o paquetes tur\u00edsticos, no dude en contactarnos por correo electr\u00f3nico o WhatsApp. Nuestro equipo est\u00e1 siempre listo para ayudarlo con sus necesidades de viaje.<\/p>","protected":false},"excerpt":{"rendered":"<p>Company Details Welcome to Coral Island Pattaya, your premier destination for booking exclusive Coral Island tour packages in Pattaya and Phuket. Our platform is owned and operated by The Thai Tourism Co., Ltd., a trusted name in Thailand\u2019s tourism industry through our parent company, The Thai Tourism (thethaitourism.com). At Coral Island Pattaya, we are dedicated [&hellip;]<\/p>\n","protected":false},"author":1,"featured_media":0,"parent":0,"menu_order":0,"comment_status":"closed","ping_status":"closed","template":"","meta":{"ocean_post_layout":"","ocean_both_sidebars_style":"","ocean_both_sidebars_content_width":0,"ocean_both_sidebars_sidebars_width":0,"ocean_sidebar":"","ocean_second_sidebar":"","ocean_disable_margins":"enable","ocean_add_body_class":"","ocean_shortcode_before_top_bar":"","ocean_shortcode_after_top_bar":"","ocean_shortcode_before_header":"","ocean_shortcode_after_header":"","ocean_has_shortcode":"","ocean_shortcode_after_title":"","ocean_shortcode_before_footer_widgets":"","ocean_shortcode_after_footer_widgets":"","ocean_shortcode_before_footer_bottom":"","ocean_shortcode_after_footer_bottom":"","ocean_display_top_bar":"default","ocean_display_header":"default","ocean_header_style":"","ocean_center_header_left_menu":"","ocean_custom_header_template":"","ocean_custom_logo":0,"ocean_custom_retina_logo":0,"ocean_custom_logo_max_width":0,"ocean_custom_logo_tablet_max_width":0,"ocean_custom_logo_mobile_max_width":0,"ocean_custom_logo_max_height":0,"ocean_custom_logo_tablet_max_height":0,"ocean_custom_logo_mobile_max_height":0,"ocean_header_custom_menu":"","ocean_menu_typo_font_family":"","ocean_menu_typo_font_subset":"","ocean_menu_typo_font_size":0,"ocean_menu_typo_font_size_tablet":0,"ocean_menu_typo_font_size_mobile":0,"ocean_menu_typo_font_size_unit":"px","ocean_menu_typo_font_weight":"","ocean_menu_typo_font_weight_tablet":"","ocean_menu_typo_font_weight_mobile":"","ocean_menu_typo_transform":"","ocean_menu_typo_transform_tablet":"","ocean_menu_typo_transform_mobile":"","ocean_menu_typo_line_height":0,"ocean_menu_typo_line_height_tablet":0,"ocean_menu_typo_line_height_mobile":0,"ocean_menu_typo_line_height_unit":"","ocean_menu_typo_spacing":0,"ocean_menu_typo_spacing_tablet":0,"ocean_menu_typo_spacing_mobile":0,"ocean_menu_typo_spacing_unit":"","ocean_menu_link_color":"","ocean_menu_link_color_hover":"","ocean_menu_link_color_active":"","ocean_menu_link_background":"","ocean_menu_link_hover_background":"","ocean_menu_link_active_background":"","ocean_menu_social_links_bg":"","ocean_menu_social_hover_links_bg":"","ocean_menu_social_links_color":"","ocean_menu_social_hover_links_color":"","ocean_disable_title":"default","ocean_disable_heading":"default","ocean_post_title":"","ocean_post_subheading":"","ocean_post_title_style":"","ocean_post_title_background_color":"","ocean_post_title_background":0,"ocean_post_title_bg_image_position":"","ocean_post_title_bg_image_attachment":"","ocean_post_title_bg_image_repeat":"","ocean_post_title_bg_image_size":"","ocean_post_title_height":0,"ocean_post_title_bg_overlay":0.5,"ocean_post_title_bg_overlay_color":"","ocean_disable_breadcrumbs":"default","ocean_breadcrumbs_color":"","ocean_breadcrumbs_separator_color":"","ocean_breadcrumbs_links_color":"","ocean_breadcrumbs_links_hover_color":"","ocean_display_footer_widgets":"default","ocean_display_footer_bottom":"default","ocean_custom_footer_template":"","footnotes":""},"class_list":["post-617","page","type-page","status-publish","hentry","entry","owp-thumbs-layout-horizontal","owp-btn-normal","owp-tabs-layout-horizontal","has-no-thumbnails","has-product-nav"],"yoast_head":"<!-- This site is optimized with the Yoast SEO plugin v27.3 - https:\/\/yoast.com\/product\/yoast-seo-wordpress\/ -->\n<title>Company Details | Coral Island Pattaya Tour Packages<\/title>\n<meta name=\"description\" content=\"Learn About Coral Island Pattaya, Your Trusted Provider For Pattaya Tour Packages. Explore Our Company Details Now!\" \/>\n<meta name=\"robots\" content=\"index, follow, max-snippet:-1, max-image-preview:large, max-video-preview:-1\" \/>\n<link rel=\"canonical\" href=\"https:\/\/thecoralislandpattaya.com\/es\/detalles-de-la-empresa\/\" \/>\n<meta property=\"og:locale\" content=\"es_ES\" \/>\n<meta property=\"og:type\" content=\"article\" \/>\n<meta property=\"og:title\" content=\"Company Details | Coral Island Pattaya Tour Packages\" \/>\n<meta property=\"og:description\" content=\"Learn About Coral Island Pattaya, Your Trusted Provider For Pattaya Tour Packages. Explore Our Company Details Now!\" \/>\n<meta property=\"og:url\" content=\"https:\/\/thecoralislandpattaya.com\/es\/detalles-de-la-empresa\/\" \/>\n<meta property=\"og:site_name\" content=\"Coral Island Pattaya\" \/>\n<meta property=\"article:modified_time\" content=\"2026-02-07T12:19:19+00:00\" \/>\n<meta name=\"twitter:card\" content=\"summary_large_image\" \/>\n<meta name=\"twitter:label1\" content=\"Tiempo de lectura\" \/>\n\t<meta name=\"twitter:data1\" content=\"1 minuto\" \/>\n<script type=\"application\/ld+json\" class=\"yoast-schema-graph\">{\"@context\":\"https:\\\/\\\/schema.org\",\"@graph\":[{\"@type\":\"WebPage\",\"@id\":\"https:\\\/\\\/thecoralislandpattaya.com\\\/company-details\\\/\",\"url\":\"https:\\\/\\\/thecoralislandpattaya.com\\\/company-details\\\/\",\"name\":\"Company Details | Coral Island Pattaya Tour Packages\",\"isPartOf\":{\"@id\":\"https:\\\/\\\/thecoralislandpattaya.com\\\/#website\"},\"datePublished\":\"2024-09-04T10:51:40+00:00\",\"dateModified\":\"2026-02-07T12:19:19+00:00\",\"description\":\"Learn About Coral Island Pattaya, Your Trusted Provider For Pattaya Tour Packages. Explore Our Company Details Now!\",\"breadcrumb\":{\"@id\":\"https:\\\/\\\/thecoralislandpattaya.com\\\/company-details\\\/#breadcrumb\"},\"inLanguage\":\"es\",\"potentialAction\":[{\"@type\":\"ReadAction\",\"target\":[\"https:\\\/\\\/thecoralislandpattaya.com\\\/company-details\\\/\"]}]},{\"@type\":\"BreadcrumbList\",\"@id\":\"https:\\\/\\\/thecoralislandpattaya.com\\\/company-details\\\/#breadcrumb\",\"itemListElement\":[{\"@type\":\"ListItem\",\"position\":1,\"name\":\"Home\",\"item\":\"https:\\\/\\\/thecoralislandpattaya.com\\\/\"},{\"@type\":\"ListItem\",\"position\":2,\"name\":\"Company Details\"}]},{\"@type\":\"WebSite\",\"@id\":\"https:\\\/\\\/thecoralislandpattaya.com\\\/#website\",\"url\":\"https:\\\/\\\/thecoralislandpattaya.com\\\/\",\"name\":\"Coral Island Pattaya\",\"description\":\"\",\"publisher\":{\"@id\":\"https:\\\/\\\/thecoralislandpattaya.com\\\/#organization\"},\"potentialAction\":[{\"@type\":\"SearchAction\",\"target\":{\"@type\":\"EntryPoint\",\"urlTemplate\":\"https:\\\/\\\/thecoralislandpattaya.com\\\/?s={search_term_string}\"},\"query-input\":{\"@type\":\"PropertyValueSpecification\",\"valueRequired\":true,\"valueName\":\"search_term_string\"}}],\"inLanguage\":\"es\"},{\"@type\":\"Organization\",\"@id\":\"https:\\\/\\\/thecoralislandpattaya.com\\\/#organization\",\"name\":\"Coral Island Pattaya\",\"url\":\"https:\\\/\\\/thecoralislandpattaya.com\\\/\",\"logo\":{\"@type\":\"ImageObject\",\"inLanguage\":\"es\",\"@id\":\"https:\\\/\\\/thecoralislandpattaya.com\\\/#\\\/schema\\\/logo\\\/image\\\/\",\"url\":\"https:\\\/\\\/thecoralislandpattaya.com\\\/wp-content\\\/uploads\\\/2024\\\/08\\\/the-Coral-Island-logo.webp\",\"contentUrl\":\"https:\\\/\\\/thecoralislandpattaya.com\\\/wp-content\\\/uploads\\\/2024\\\/08\\\/the-Coral-Island-logo.webp\",\"width\":406,\"height\":73,\"caption\":\"Coral Island Pattaya\"},\"image\":{\"@id\":\"https:\\\/\\\/thecoralislandpattaya.com\\\/#\\\/schema\\\/logo\\\/image\\\/\"}}]}<\/script>\n<!-- \/ Yoast SEO plugin. -->","yoast_head_json":{"title":"Detalles de la empresa | Paquetes tur\u00edsticos a la isla Coral de Pattaya","description":"Inf\u00f3rmese sobre Coral Island Pattaya, su proveedor de confianza para paquetes tur\u00edsticos en Pattaya. \u00a1Explore los detalles de nuestra empresa ahora!","robots":{"index":"index","follow":"follow","max-snippet":"max-snippet:-1","max-image-preview":"max-image-preview:large","max-video-preview":"max-video-preview:-1"},"canonical":"https:\/\/thecoralislandpattaya.com\/es\/detalles-de-la-empresa\/","og_locale":"es_ES","og_type":"article","og_title":"Company Details | Coral Island Pattaya Tour Packages","og_description":"Learn About Coral Island Pattaya, Your Trusted Provider For Pattaya Tour Packages. Explore Our Company Details Now!","og_url":"https:\/\/thecoralislandpattaya.com\/es\/detalles-de-la-empresa\/","og_site_name":"Coral Island Pattaya","article_modified_time":"2026-02-07T12:19:19+00:00","twitter_card":"summary_large_image","twitter_misc":{"Tiempo de lectura":"1 minuto"},"schema":{"@context":"https:\/\/schema.org","@graph":[{"@type":"WebPage","@id":"https:\/\/thecoralislandpattaya.com\/company-details\/","url":"https:\/\/thecoralislandpattaya.com\/company-details\/","name":"Detalles de la empresa | Paquetes tur\u00edsticos a la isla Coral de Pattaya","isPartOf":{"@id":"https:\/\/thecoralislandpattaya.com\/#website"},"datePublished":"2024-09-04T10:51:40+00:00","dateModified":"2026-02-07T12:19:19+00:00","description":"Inf\u00f3rmese sobre Coral Island Pattaya, su proveedor de confianza para paquetes tur\u00edsticos en Pattaya. \u00a1Explore los detalles de nuestra empresa ahora!","breadcrumb":{"@id":"https:\/\/thecoralislandpattaya.com\/company-details\/#breadcrumb"},"inLanguage":"es","potentialAction":[{"@type":"ReadAction","target":["https:\/\/thecoralislandpattaya.com\/company-details\/"]}]},{"@type":"BreadcrumbList","@id":"https:\/\/thecoralislandpattaya.com\/company-details\/#breadcrumb","itemListElement":[{"@type":"ListItem","position":1,"name":"Home","item":"https:\/\/thecoralislandpattaya.com\/"},{"@type":"ListItem","position":2,"name":"Company Details"}]},{"@type":"WebSite","@id":"https:\/\/thecoralislandpattaya.com\/#website","url":"https:\/\/thecoralislandpattaya.com\/","name":"Isla Coral de Pattaya","description":"","publisher":{"@id":"https:\/\/thecoralislandpattaya.com\/#organization"},"potentialAction":[{"@type":"SearchAction","target":{"@type":"EntryPoint","urlTemplate":"https:\/\/thecoralislandpattaya.com\/?s={search_term_string}"},"query-input":{"@type":"PropertyValueSpecification","valueRequired":true,"valueName":"search_term_string"}}],"inLanguage":"es"},{"@type":"Organization","@id":"https:\/\/thecoralislandpattaya.com\/#organization","name":"Isla Coral de Pattaya","url":"https:\/\/thecoralislandpattaya.com\/","logo":{"@type":"ImageObject","inLanguage":"es","@id":"https:\/\/thecoralislandpattaya.com\/#\/schema\/logo\/image\/","url":"https:\/\/thecoralislandpattaya.com\/wp-content\/uploads\/2024\/08\/the-Coral-Island-logo.webp","contentUrl":"https:\/\/thecoralislandpattaya.com\/wp-content\/uploads\/2024\/08\/the-Coral-Island-logo.webp","width":406,"height":73,"caption":"Coral Island Pattaya"},"image":{"@id":"https:\/\/thecoralislandpattaya.com\/#\/schema\/logo\/image\/"}}]}},"_links":{"self":[{"href":"https:\/\/thecoralislandpattaya.com\/es\/wp-json\/wp\/v2\/pages\/617","targetHints":{"allow":["GET"]}}],"collection":[{"href":"https:\/\/thecoralislandpattaya.com\/es\/wp-json\/wp\/v2\/pages"}],"about":[{"href":"https:\/\/thecoralislandpattaya.com\/es\/wp-json\/wp\/v2\/types\/page"}],"author":[{"embeddable":true,"href":"https:\/\/thecoralislandpattaya.com\/es\/wp-json\/wp\/v2\/users\/1"}],"replies":[{"embeddable":true,"href":"https:\/\/thecoralislandpattaya.com\/es\/wp-json\/wp\/v2\/comments?post=617"}],"version-history":[{"count":1,"href":"https:\/\/thecoralislandpattaya.com\/es\/wp-json\/wp\/v2\/pages\/617\/revisions"}],"predecessor-version":[{"id":1366,"href":"https:\/\/thecoralislandpattaya.com\/es\/wp-json\/wp\/v2\/pages\/617\/revisions\/1366"}],"wp:attachment":[{"href":"https:\/\/thecoralislandpattaya.com\/es\/wp-json\/wp\/v2\/media?parent=617"}],"curies":[{"name":"wp","href":"https:\/\/api.w.org\/{rel}","templated":true}]}}